{"id":1296,"date":"2021-01-08T13:44:55","date_gmt":"2021-01-08T12:44:55","guid":{"rendered":"http:\/\/www.plasmet.it\/?page_id=1296"},"modified":"2021-01-18T09:32:40","modified_gmt":"2021-01-18T08:32:40","slug":"unsere-strategien","status":"publish","type":"page","link":"https:\/\/www.plasmet.it\/de\/unsere-strategien\/","title":{"rendered":"Unsere strategien"},"content":{"rendered":"<section class=\"wpb-content-wrapper\"><p>[vc_row row_type=&#8220;row&#8220; use_row_as_full_screen_section=&#8220;no&#8220; type=&#8220;full_width&#8220; text_align=&#8220;left&#8220; background_image=&#8220;1569&#8243; box_shadow_on_row=&#8220;no&#8220; el_class=&#8220;noPad boxTitolo&#8220;][vc_column][vc_column_text css=&#8220;.vc_custom_1610958756976{padding-top: 70px !important;padding-right: 100px !important;padding-bottom: 70px !important;padding-left: 100px !important;background-image: url(http:\/\/www.plasmet.it\/wp-content\/uploads\/2020\/01\/puntidiforza-bg.jpg?id=) !important;background-position: center !important;background-repeat: no-repeat !important;background-size: cover !important;}&#8220;]<\/p>\n<h1 style=\"text-align: center;\">UNSERE STRATEGIEN<\/h1>\n<p>[\/vc_column_text][\/vc_column][\/vc_row][vc_row row_type=&#8220;row&#8220; use_row_as_full_screen_section=&#8220;no&#8220; type=&#8220;full_width&#8220; text_align=&#8220;left&#8220; box_shadow_on_row=&#8220;no&#8220; el_class=&#8220;noPad&#8220;][vc_column][vc_empty_space image_repeat=&#8220;no-repeat&#8220;][\/vc_column][\/vc_row][vc_row row_type=&#8220;row&#8220; use_row_as_full_screen_section=&#8220;no&#8220; type=&#8220;grid&#8220; text_align=&#8220;center&#8220; box_shadow_on_row=&#8220;no&#8220;][vc_column width=&#8220;1\/2&#8243;][vc_empty_space height=&#8220;80px&#8220; image_repeat=&#8220;no-repeat&#8220;][vc_row_inner row_type=&#8220;row&#8220; type=&#8220;full_width&#8220; use_row_as_full_screen_section_slide=&#8220;no&#8220; text_align=&#8220;left&#8220; box_shadow_on_row=&#8220;no&#8220; el_class=&#8220;hoverIcons&#8220;][vc_column_inner width=&#8220;1\/2&#8243;]<div class='edgt_icon_with_title tiny circle center' ><div class=\"icon_holder \" style=\" \"><div class=\"icon_holder_inner\"><span class=\"edgt_icon_stack edgt_tiny_icon  custom-font\" style=\"font-size: 30px;color: #ffffff;background-color: #000000;border-width: 2px;\"><i class=\"edgt_icon_font_awesome fa fa-check icon_text_icon edgt_icon_stack_1x\" style=\"font-size: 30px;\" ><\/i><\/span><\/div><\/div><div class=\"icon_text_holder\"><div class=\"icon_title_inner_holder\"><h4 class=\"icon_title \" style=\"\">SERVICE<\/h4><\/div><div class=\"icon_text_inner\"><p style=''>P\u00fcnktlichkeit und Pr\u00e4zision sind wesentliche Anforderungen unseres Unternehmens, die es uns erlauben, die vereinbarten Lieferzeiten einzuhalten und die Erwartungen jedes einzelnen Kunden zu erf\u00fcllen.<\/p><\/div><\/div><\/div>[\/vc_column_inner][vc_column_inner width=&#8220;1\/2&#8243;]<div class='edgt_icon_with_title tiny circle center' ><div class=\"icon_holder \" style=\" \"><div class=\"icon_holder_inner\"><span class=\"edgt_icon_stack edgt_tiny_icon  custom-font\" style=\"font-size: 30px;color: #ffffff;background-color: #000000;border-width: 2px;\"><i class=\"edgt_icon_font_awesome fa fa-truck icon_text_icon edgt_icon_stack_1x\" style=\"font-size: 30px;\" ><\/i><\/span><\/div><\/div><div class=\"icon_text_holder\"><div class=\"icon_title_inner_holder\"><h4 class=\"icon_title \" style=\"\">PRODUKTION<\/h4><\/div><div class=\"icon_text_inner\"><p style=''>Unser Unternehmen ist in der Lage, Flexibilit\u00e4t bei kleinen wie auch bei gro\u00dfen Produktionsposten zu gew\u00e4hrleisten. Unsere Produktionsabteilungen sind immer in der Lage, den Ablauf des Auftrags Schritt f\u00fcr Schritt zu verfolgen.<\/p><\/div><\/div><\/div>[\/vc_column_inner][\/vc_row_inner][vc_row_inner row_type=&#8220;row&#8220; type=&#8220;full_width&#8220; use_row_as_full_screen_section_slide=&#8220;no&#8220; text_align=&#8220;left&#8220; box_shadow_on_row=&#8220;no&#8220; el_class=&#8220;hoverIcons&#8220;][vc_column_inner width=&#8220;1\/2&#8243;]<div class='edgt_icon_with_title tiny circle center' ><div class=\"icon_holder \" style=\" \"><div class=\"icon_holder_inner\"><span class=\"edgt_icon_stack edgt_tiny_icon  custom-font\" style=\"font-size: 30px;color: #ffffff;background-color: #000000;border-width: 2px;\"><i class=\"edgt_icon_font_awesome fa fa-paint-brush icon_text_icon edgt_icon_stack_1x\" style=\"font-size: 30px;\" ><\/i><\/span><\/div><\/div><div class=\"icon_text_holder\"><div class=\"icon_title_inner_holder\"><h4 class=\"icon_title \" style=\"\">ERFAHRUNG<\/h4><\/div><div class=\"icon_text_inner\"><p style=''>Dank unserer 30-j\u00e4hrigen Erfahrung verarbeiten wir jedes Material mit h\u00f6chster Pr\u00e4zision, um hervorragende Ergebnisse zu erzielen. Im Laufe der Jahre haben wir die Produktionsabl\u00e4ufe zur Veredelung des Polymers weiterentwickelt und kundenspezifisch angepasst, um einen Mehrwert f\u00fcr die Kosmetikbranche bieten zu k\u00f6nnen.<\/p><\/div><\/div><\/div>[\/vc_column_inner][vc_column_inner width=&#8220;1\/2&#8243;]<div class='edgt_icon_with_title tiny circle center' ><div class=\"icon_holder \" style=\" \"><div class=\"icon_holder_inner\"><span class=\"edgt_icon_stack edgt_tiny_icon  custom-font\" style=\"font-size: 30px;color: #ffffff;background-color: #000000;border-width: 2px;\"><i class=\"edgt_icon_font_awesome fa fa-certificate icon_text_icon edgt_icon_stack_1x\" style=\"font-size: 30px;\" ><\/i><\/span><\/div><\/div><div class=\"icon_text_holder\"><div class=\"icon_title_inner_holder\"><h4 class=\"icon_title \" style=\"\">ZERTIFIZIERUNGEN<\/h4><\/div><div class=\"icon_text_inner\"><p style=''>Zertifizierungen der wichtigsten europ\u00e4ischen Zertifizierungsstellen best\u00e4tigen die Qualit\u00e4t der Produkte und Dienstleistungen von Plasmet.<\/p><\/div><\/div><\/div>[\/vc_column_inner][\/vc_row_inner][\/vc_column][vc_column width=&#8220;1\/2&#8243;][vc_single_image image=&#8220;1566&#8243; img_size=&#8220;full&#8220; alignment=&#8220;center&#8220; hover_animation=&#8220;no&#8220;][\/vc_column][\/vc_row][vc_row row_type=&#8220;row&#8220; use_row_as_full_screen_section=&#8220;no&#8220; type=&#8220;grid&#8220; text_align=&#8220;center&#8220; box_shadow_on_row=&#8220;no&#8220;][vc_column][vc_column_text][\/vc_column_text][vc_empty_space image_repeat=&#8220;no-repeat&#8220;][vc_column_text][\/vc_column_text][vc_empty_space image_repeat=&#8220;no-repeat&#8220;][\/vc_column][\/vc_row][vc_row row_type=&#8220;row&#8220; use_row_as_full_screen_section=&#8220;no&#8220; type=&#8220;grid&#8220; text_align=&#8220;left&#8220; box_shadow_on_row=&#8220;no&#8220; el_class=&#8220;bgGrey&#8220;][vc_column][vc_column_text]<\/p>\n<h3>Informationen anfrage<\/h3>\n<p>[\/vc_column_text][vc_separator type=&#8220;normal&#8220; up_style=&#8220;px&#8220; down_style=&#8220;px&#8220;]\n<div class=\"wpcf7 no-js\" id=\"wpcf7-f4-o1\" lang=\"it-IT\" dir=\"ltr\">\n<div class=\"screen-reader-response\"><p role=\"status\" aria-live=\"polite\" aria-atomic=\"true\"><\/p> <ul><\/ul><\/div>\n<form action=\"\/de\/wp-json\/wp\/v2\/pages\/1296#wpcf7-f4-o1\" method=\"post\" class=\"wpcf7-form init cf7_custom_style_1\" aria-label=\"Modulo di contatto\" novalidate=\"novalidate\" data-status=\"init\">\n<div style=\"display: none;\">\n<input type=\"hidden\" name=\"_wpcf7\" value=\"4\" \/>\n<input type=\"hidden\" name=\"_wpcf7_version\" value=\"5.7.7\" \/>\n<input type=\"hidden\" name=\"_wpcf7_locale\" value=\"it_IT\" \/>\n<input type=\"hidden\" name=\"_wpcf7_unit_tag\" value=\"wpcf7-f4-o1\" \/>\n<input type=\"hidden\" name=\"_wpcf7_container_post\" value=\"0\" \/>\n<input type=\"hidden\" name=\"_wpcf7_posted_data_hash\" value=\"\" \/>\n<\/div>\n<p><span class=\"wpcf7-form-control-wrap\" data-name=\"nome\"><input size=\"40\" class=\"wpcf7-form-control wpcf7-text wpcf7-validates-as-required\" aria-required=\"true\" aria-invalid=\"false\" placeholder=\"Nome*\" value=\"\" type=\"text\" name=\"nome\" \/><\/span>\n<\/p>\n<p><span class=\"wpcf7-form-control-wrap\" data-name=\"email\"><input size=\"40\" class=\"wpcf7-form-control wpcf7-text wpcf7-email wpcf7-validates-as-required wpcf7-validates-as-email\" aria-required=\"true\" aria-invalid=\"false\" placeholder=\"Email*\" value=\"\" type=\"email\" name=\"email\" \/><\/span>\n<\/p>\n<p><br \/>\n<span class=\"wpcf7-form-control-wrap\" data-name=\"messaggio\"><textarea cols=\"40\" rows=\"10\" class=\"wpcf7-form-control wpcf7-textarea\" aria-invalid=\"false\" placeholder=\"Messaggio\" name=\"messaggio\"><\/textarea><\/span>\n<\/p>\n<p><span class=\"wpcf7-form-control-wrap\" data-name=\"acceptance-475\"><span class=\"wpcf7-form-control wpcf7-acceptance\"><span class=\"wpcf7-list-item\"><input type=\"checkbox\" name=\"acceptance-475\" value=\"1\" aria-invalid=\"false\" \/><\/span><\/span><\/span><span style=\"font-size:12px;\">Ho letto la <a href=\"https:\/\/www.plasmet.it\/privacy\/ \">Privacy Policy<\/a> e acconsento al trattamento dei dati personali<\/span>\n<\/p>\n<p><input class=\"wpcf7-form-control has-spinner wpcf7-submit\" type=\"submit\" value=\"Invia\" \/>\n<\/p>\n<div class=\"hidden\">\n\t<p><span class=\"wpcf7-form-control-wrap from\"><input name=\"from\" id=\"post_slug\" class=\"wpcf7-form-control wpcf7dtx-dynamictext wpcf7-dynamictext\" size=\"40\" aria-invalid=\"false\" type=\"text\" value=\"unsere-strategien\" \/><\/span>\n\t<\/p>\n<\/div><div class=\"wpcf7-response-output\" aria-hidden=\"true\"><\/div>\n<\/form>\n<\/div>\n[\/vc_column][\/vc_row]<\/p>\n<\/section>","protected":false},"excerpt":{"rendered":"<p>[vc_row row_type=&#8220;row&#8220; use_row_as_full_screen_section=&#8220;no&#8220; type=&#8220;full_width&#8220; text_align=&#8220;left&#8220; background_image=&#8220;1569&#8243; box_shadow_on_row=&#8220;no&#8220; el_class=&#8220;noPad boxTitolo&#8220;][vc_column][vc_column_text css=&#8220;.vc_custom_1610958756976{padding-top: 70px !important;padding-right: 100px !important;padding-bottom: 70px !important;padding-left: 100px !important;background-image: url(http:\/\/www.plasmet.it\/wp-content\/uploads\/2020\/01\/puntidiforza-bg.jpg?id=) !important;background-position: center !important;background-repeat: no-repeat !important;background-size: cover !important;}&#8220;] UNSERE STRATEGIEN [\/vc_column_text][\/vc_column][\/vc_row][vc_row row_type=&#8220;row&#8220; use_row_as_full_screen_section=&#8220;no&#8220; type=&#8220;full_width&#8220; text_align=&#8220;left&#8220; box_shadow_on_row=&#8220;no&#8220; el_class=&#8220;noPad&#8220;][vc_column][vc_empty_space image_repeat=&#8220;no-repeat&#8220;][\/vc_column][\/vc_row][vc_row row_type=&#8220;row&#8220; use_row_as_full_screen_section=&#8220;no&#8220; type=&#8220;grid&#8220; text_align=&#8220;center&#8220; box_shadow_on_row=&#8220;no&#8220;][vc_column width=&#8220;1\/2&#8243;][vc_empty_space height=&#8220;80px&#8220; image_repeat=&#8220;no-repeat&#8220;][vc_row_inner row_type=&#8220;row&#8220;&#8230;<\/p>\n","protected":false},"author":2,"featured_media":0,"parent":0,"menu_order":0,"comment_status":"closed","ping_status":"closed","template":"full_width.php","meta":{"_mi_skip_tracking":false,"_monsterinsights_sitenote_active":false,"_monsterinsights_sitenote_note":"","_monsterinsights_sitenote_category":0},"yoast_head":"<!-- This site is optimized with the Yoast SEO plugin v20.9 - https:\/\/yoast.com\/wordpress\/plugins\/seo\/ -->\n<title>Come Operiamo - Plasmet<\/title>\n<meta name=\"description\" content=\"Puntualit\u00e0 e precisione rappresentano requisiti essenziali della nostra azienda, grazie ai quali riusciamo a rispettare tempi di consegna concordati e soddisfare le aspettative di ogni singolo cliente.\" \/>\n<meta name=\"robots\" content=\"index, nofollow, max-snippet:-1, max-image-preview:large, max-video-preview:-1\" \/>\n<link rel=\"canonical\" href=\"https:\/\/www.plasmet.it\/punti-di-forza\/\" \/>\n<meta property=\"og:locale\" content=\"de_DE\" \/>\n<meta property=\"og:type\" content=\"article\" \/>\n<meta property=\"og:title\" content=\"Come Operiamo - Plasmet\" \/>\n<meta property=\"og:description\" content=\"Puntualit\u00e0 e precisione rappresentano requisiti essenziali della nostra azienda, grazie ai quali riusciamo a rispettare tempi di consegna concordati e soddisfare le aspettative di ogni singolo cliente.\" \/>\n<meta property=\"og:url\" content=\"https:\/\/www.plasmet.it\/punti-di-forza\/\" \/>\n<meta property=\"og:site_name\" content=\"Plasmet\" \/>\n<meta property=\"article:modified_time\" content=\"2021-01-18T08:32:40+00:00\" \/>\n<meta name=\"twitter:card\" content=\"summary_large_image\" \/>\n<meta name=\"twitter:label1\" content=\"Gesch\u00e4tzte Lesezeit\" \/>\n\t<meta name=\"twitter:data1\" content=\"3\u00a0Minuten\" \/>\n<script type=\"application\/ld+json\" class=\"yoast-schema-graph\">{\"@context\":\"https:\/\/schema.org\",\"@graph\":[{\"@type\":\"WebPage\",\"@id\":\"https:\/\/www.plasmet.it\/punti-di-forza\/\",\"url\":\"https:\/\/www.plasmet.it\/punti-di-forza\/\",\"name\":\"Come Operiamo - Plasmet\",\"isPartOf\":{\"@id\":\"https:\/\/www.plasmet.it\/#website\"},\"datePublished\":\"2021-01-08T12:44:55+00:00\",\"dateModified\":\"2021-01-18T08:32:40+00:00\",\"description\":\"Puntualit\u00e0 e precisione rappresentano requisiti essenziali della nostra azienda, grazie ai quali riusciamo a rispettare tempi di consegna concordati e soddisfare le aspettative di ogni singolo cliente.\",\"breadcrumb\":{\"@id\":\"https:\/\/www.plasmet.it\/punti-di-forza\/#breadcrumb\"},\"inLanguage\":\"de\",\"potentialAction\":[{\"@type\":\"ReadAction\",\"target\":[\"https:\/\/www.plasmet.it\/punti-di-forza\/\"]}]},{\"@type\":\"BreadcrumbList\",\"@id\":\"https:\/\/www.plasmet.it\/punti-di-forza\/#breadcrumb\",\"itemListElement\":[{\"@type\":\"ListItem\",\"position\":1,\"name\":\"Home\",\"item\":\"https:\/\/www.plasmet.it\/de\/\"},{\"@type\":\"ListItem\",\"position\":2,\"name\":\"Unsere strategien\"}]},{\"@type\":\"WebSite\",\"@id\":\"https:\/\/www.plasmet.it\/#website\",\"url\":\"https:\/\/www.plasmet.it\/\",\"name\":\"Plasmet\",\"description\":\"\",\"potentialAction\":[{\"@type\":\"SearchAction\",\"target\":{\"@type\":\"EntryPoint\",\"urlTemplate\":\"https:\/\/www.plasmet.it\/?s={search_term_string}\"},\"query-input\":\"required name=search_term_string\"}],\"inLanguage\":\"de\"}]}<\/script>\n<!-- \/ Yoast SEO plugin. -->","yoast_head_json":{"title":"Come Operiamo - Plasmet","description":"Puntualit\u00e0 e precisione rappresentano requisiti essenziali della nostra azienda, grazie ai quali riusciamo a rispettare tempi di consegna concordati e soddisfare le aspettative di ogni singolo cliente.","robots":{"index":"index","follow":"nofollow","max-snippet":"max-snippet:-1","max-image-preview":"max-image-preview:large","max-video-preview":"max-video-preview:-1"},"canonical":"https:\/\/www.plasmet.it\/punti-di-forza\/","og_locale":"de_DE","og_type":"article","og_title":"Come Operiamo - Plasmet","og_description":"Puntualit\u00e0 e precisione rappresentano requisiti essenziali della nostra azienda, grazie ai quali riusciamo a rispettare tempi di consegna concordati e soddisfare le aspettative di ogni singolo cliente.","og_url":"https:\/\/www.plasmet.it\/punti-di-forza\/","og_site_name":"Plasmet","article_modified_time":"2021-01-18T08:32:40+00:00","twitter_card":"summary_large_image","twitter_misc":{"Gesch\u00e4tzte Lesezeit":"3\u00a0Minuten"},"schema":{"@context":"https:\/\/schema.org","@graph":[{"@type":"WebPage","@id":"https:\/\/www.plasmet.it\/punti-di-forza\/","url":"https:\/\/www.plasmet.it\/punti-di-forza\/","name":"Come Operiamo - Plasmet","isPartOf":{"@id":"https:\/\/www.plasmet.it\/#website"},"datePublished":"2021-01-08T12:44:55+00:00","dateModified":"2021-01-18T08:32:40+00:00","description":"Puntualit\u00e0 e precisione rappresentano requisiti essenziali della nostra azienda, grazie ai quali riusciamo a rispettare tempi di consegna concordati e soddisfare le aspettative di ogni singolo cliente.","breadcrumb":{"@id":"https:\/\/www.plasmet.it\/punti-di-forza\/#breadcrumb"},"inLanguage":"de","potentialAction":[{"@type":"ReadAction","target":["https:\/\/www.plasmet.it\/punti-di-forza\/"]}]},{"@type":"BreadcrumbList","@id":"https:\/\/www.plasmet.it\/punti-di-forza\/#breadcrumb","itemListElement":[{"@type":"ListItem","position":1,"name":"Home","item":"https:\/\/www.plasmet.it\/de\/"},{"@type":"ListItem","position":2,"name":"Unsere strategien"}]},{"@type":"WebSite","@id":"https:\/\/www.plasmet.it\/#website","url":"https:\/\/www.plasmet.it\/","name":"Plasmet","description":"","potentialAction":[{"@type":"SearchAction","target":{"@type":"EntryPoint","urlTemplate":"https:\/\/www.plasmet.it\/?s={search_term_string}"},"query-input":"required name=search_term_string"}],"inLanguage":"de"}]}},"_links":{"self":[{"href":"https:\/\/www.plasmet.it\/de\/wp-json\/wp\/v2\/pages\/1296"}],"collection":[{"href":"https:\/\/www.plasmet.it\/de\/wp-json\/wp\/v2\/pages"}],"about":[{"href":"https:\/\/www.plasmet.it\/de\/wp-json\/wp\/v2\/types\/page"}],"author":[{"embeddable":true,"href":"https:\/\/www.plasmet.it\/de\/wp-json\/wp\/v2\/users\/2"}],"replies":[{"embeddable":true,"href":"https:\/\/www.plasmet.it\/de\/wp-json\/wp\/v2\/comments?post=1296"}],"version-history":[{"count":8,"href":"https:\/\/www.plasmet.it\/de\/wp-json\/wp\/v2\/pages\/1296\/revisions"}],"predecessor-version":[{"id":1615,"href":"https:\/\/www.plasmet.it\/de\/wp-json\/wp\/v2\/pages\/1296\/revisions\/1615"}],"wp:attachment":[{"href":"https:\/\/www.plasmet.it\/de\/wp-json\/wp\/v2\/media?parent=1296"}],"curies":[{"name":"wp","href":"https:\/\/api.w.org\/{rel}","templated":true}]}}