{"id":1307,"date":"2021-01-08T14:20:51","date_gmt":"2021-01-08T13:20:51","guid":{"rendered":"http:\/\/www.plasmet.it\/?page_id=1307"},"modified":"2021-01-18T09:22:27","modified_gmt":"2021-01-18T08:22:27","slug":"behandlungen-und-ausfuehrungen","status":"publish","type":"page","link":"https:\/\/www.plasmet.it\/de\/behandlungen-und-ausfuehrungen\/","title":{"rendered":"Behandlungen und ausf\u00fchrungen"},"content":{"rendered":"<section class=\"wpb-content-wrapper\"><p>[vc_row row_type=&#8220;row&#8220; use_row_as_full_screen_section=&#8220;no&#8220; type=&#8220;full_width&#8220; text_align=&#8220;left&#8220; background_image=&#8220;1574&#8243; padding_top=&#8220;0&#8243; box_shadow_on_row=&#8220;no&#8220; el_class=&#8220;noPad boxTitolo&#8220;][vc_column][vc_column_text css=&#8220;.vc_custom_1610958140810{border-top-width: 1px !important;border-right-width: 1px !important;border-bottom-width: 1px !important;border-left-width: 1px !important;padding-top: 70px !important;padding-right: 100px !important;padding-bottom: 70px !important;padding-left: 100px !important;background-image: url(http:\/\/www.plasmet.it\/wp-content\/uploads\/2020\/01\/trattamenti_e_finiture_-cop-1.jpg?id=784) !important;background-position: center !important;background-repeat: no-repeat !important;background-size: cover !important;border-left-color: #333333 !important;border-left-style: solid !important;border-right-color: #333333 !important;border-right-style: solid !important;border-top-color: #333333 !important;border-top-style: solid !important;border-bottom-color: #333333 !important;border-bottom-style: solid !important;border-radius: 1px !important;}&#8220;]<\/p>\n<h1 style=\"text-align: center;\">BEHANDLUNGEN UND AUSF\u00dcHRUNGEN<\/h1>\n<p>[\/vc_column_text][\/vc_column][\/vc_row][vc_row row_type=&#8220;row&#8220; use_row_as_full_screen_section=&#8220;no&#8220; type=&#8220;full_width&#8220; text_align=&#8220;left&#8220; padding_top=&#8220;0&#8243; box_shadow_on_row=&#8220;no&#8220; el_class=&#8220;noPad&#8220;][vc_column width=&#8220;1\/6&#8243;][\/vc_column][vc_column width=&#8220;2\/3&#8243;][vc_empty_space image_repeat=&#8220;no-repeat&#8220;][vc_column_text]<\/p>\n<p style=\"text-align: center;\">Die Firma Plasmet Metallizzazione ist spezialisiert <strong>in der Veredelung und Beschichtung von Kosmetikverpackungen<\/strong>, die dem Produkt einzigartige Eleganz und Gestaltung verleihen.<\/p>\n<p style=\"text-align: center;\">Ma\u00dfgeschneiderte L\u00f6sungen, die durch die M\u00f6glichkeit der Fertigung verschiedener Veredelungen und Ausf\u00fchrungen vollkommen kundenspezifisch angepasst werden k\u00f6nnen.<\/p>\n<p>[\/vc_column_text][vc_empty_space height=&#8220;20px&#8220; image_repeat=&#8220;no-repeat&#8220;][\/vc_column][vc_column width=&#8220;1\/6&#8243;][\/vc_column][\/vc_row][vc_row row_type=&#8220;row&#8220; use_row_as_full_screen_section=&#8220;no&#8220; type=&#8220;grid&#8220; text_align=&#8220;center&#8220; box_shadow_on_row=&#8220;no&#8220;][vc_column width=&#8220;1\/3&#8243; css=&#8220;.vc_custom_1561036357573{background-position: center !important;background-repeat: no-repeat !important;background-size: cover !important;}&#8220;][vc_column_text css=&#8220;.vc_custom_1610112212429{border-top-width: 1px !important;border-right-width: 1px !important;border-bottom-width: 1px !important;border-left-width: 1px !important;padding-top: 150px !important;padding-right: 100px !important;padding-bottom: 150px !important;padding-left: 100px !important;background-image: url(http:\/\/www.plasmet.it\/wp-content\/uploads\/2020\/01\/metalizzazioneok.jpg?id=556) !important;background-position: center !important;background-repeat: no-repeat !important;background-size: cover !important;border-left-color: #333333 !important;border-left-style: solid !important;border-right-color: #333333 !important;border-right-style: solid !important;border-top-color: #333333 !important;border-top-style: solid !important;border-bottom-color: #333333 !important;border-bottom-style: solid !important;border-radius: 1px !important;}&#8220;]<\/p>\n<h4 style=\"text-align: center;\"><span style=\"color: #ffffff;\"><a style=\"color: #ffffff;\" href=\"?page_id=69\">METALLISIEREN<\/a><\/span><\/h4>\n<p>[\/vc_column_text][vc_empty_space image_repeat=&#8220;no-repeat&#8220;][\/vc_column][vc_column width=&#8220;1\/3&#8243; css=&#8220;.vc_custom_1561036319013{background-position: center !important;background-repeat: no-repeat !important;background-size: cover !important;}&#8220;][vc_column_text css=&#8220;.vc_custom_1610112244663{border-top-width: 1px !important;border-right-width: 1px !important;border-bottom-width: 1px !important;border-left-width: 1px !important;padding-top: 150px !important;padding-right: 100px !important;padding-bottom: 150px !important;padding-left: 100px !important;background-image: url(http:\/\/www.plasmet.it\/wp-content\/uploads\/2020\/01\/verniciaturaocat.jpg?id=564) !important;background-position: center !important;background-repeat: no-repeat !important;background-size: cover !important;border-left-color: #333333 !important;border-left-style: solid !important;border-right-color: #333333 !important;border-right-style: solid !important;border-top-color: #333333 !important;border-top-style: solid !important;border-bottom-color: #333333 !important;border-bottom-style: solid !important;border-radius: 1px !important;}&#8220;]<\/p>\n<h4 style=\"text-align: center;\"><span style=\"color: #ffffff;\"><a style=\"color: #ffffff;\" href=\"?page_id=102\">LACKIEREN<\/a><\/span><\/h4>\n<p>[\/vc_column_text][vc_empty_space image_repeat=&#8220;no-repeat&#8220;][\/vc_column][vc_column width=&#8220;1\/3&#8243;][vc_column_text css=&#8220;.vc_custom_1610112264541{border-top-width: 1px !important;border-right-width: 1px !important;border-bottom-width: 1px !important;border-left-width: 1px !important;padding-top: 150px !important;padding-right: 100px !important;padding-bottom: 150px !important;padding-left: 100px !important;background-image: url(http:\/\/www.plasmet.it\/wp-content\/uploads\/2020\/01\/perlato-cat.jpg?id=566) !important;background-position: center !important;background-repeat: no-repeat !important;background-size: cover !important;border-left-color: #333333 !important;border-left-style: solid !important;border-right-color: #333333 !important;border-right-style: solid !important;border-top-color: #333333 !important;border-top-style: solid !important;border-bottom-color: #333333 !important;border-bottom-style: solid !important;border-radius: 1px !important;}&#8220;]<\/p>\n<h4 style=\"text-align: center;\"><span style=\"color: #ffffff;\"><a style=\"color: #ffffff;\" href=\"?page_id=269\">PERLMUTT-EFFEKT<\/a><\/span><\/h4>\n<p>[\/vc_column_text][vc_empty_space image_repeat=&#8220;no-repeat&#8220;][\/vc_column][\/vc_row][vc_row row_type=&#8220;row&#8220; use_row_as_full_screen_section=&#8220;no&#8220; type=&#8220;grid&#8220; text_align=&#8220;center&#8220; padding_top=&#8220;0&#8243; box_shadow_on_row=&#8220;no&#8220;][vc_column width=&#8220;1\/3&#8243;][vc_column_text css=&#8220;.vc_custom_1610112285295{border-top-width: 1px !important;border-right-width: 1px !important;border-bottom-width: 1px !important;border-left-width: 1px !important;padding-top: 150px !important;padding-right: 100px !important;padding-bottom: 150px !important;padding-left: 100px !important;background-image: url(http:\/\/www.plasmet.it\/wp-content\/uploads\/2020\/01\/laccatura-cat-1.jpg?id=570) !important;background-position: center !important;background-repeat: no-repeat !important;background-size: cover !important;border-left-color: #333333 !important;border-left-style: solid !important;border-right-color: #333333 !important;border-right-style: solid !important;border-top-color: #333333 !important;border-top-style: solid !important;border-bottom-color: #333333 !important;border-bottom-style: solid !important;border-radius: 1px !important;}&#8220;]<\/p>\n<h4 style=\"text-align: center;\"><span style=\"color: #ffffff;\"><a style=\"color: #ffffff;\" href=\"?page_id=100\">KLARLACK<\/a><\/span><\/h4>\n<p>[\/vc_column_text][vc_empty_space image_repeat=&#8220;no-repeat&#8220;][\/vc_column][vc_column width=&#8220;1\/3&#8243;][vc_column_text css=&#8220;.vc_custom_1579854477307{border-top-width: 1px !important;border-right-width: 1px !important;border-bottom-width: 1px !important;border-left-width: 1px !important;padding-top: 150px !important;padding-right: 100px !important;padding-bottom: 150px !important;padding-left: 100px !important;background-image: url(http:\/\/www.plasmet.it\/wp-content\/uploads\/2020\/01\/soft-touchcat.jpg?id=574) !important;background-position: center !important;background-repeat: no-repeat !important;background-size: cover !important;border-left-color: #333333 !important;border-left-style: solid !important;border-right-color: #333333 !important;border-right-style: solid !important;border-top-color: #333333 !important;border-top-style: solid !important;border-bottom-color: #333333 !important;border-bottom-style: solid !important;border-radius: 1px !important;}&#8220;]<\/p>\n<h4 style=\"text-align: center;\"><span style=\"color: #ffffff;\"><a style=\"color: #ffffff;\" href=\"?page_id=104\">SOFT TOUCH<\/a><\/span><\/h4>\n<p>[\/vc_column_text][vc_empty_space image_repeat=&#8220;no-repeat&#8220;][\/vc_column][vc_column width=&#8220;1\/3&#8243;][vc_column_text css=&#8220;.vc_custom_1610112303046{border-top-width: 1px !important;border-right-width: 1px !important;border-bottom-width: 1px !important;border-left-width: 1px !important;padding-top: 150px !important;padding-right: 100px !important;padding-bottom: 150px !important;padding-left: 100px !important;background-image: url(http:\/\/www.plasmet.it\/wp-content\/uploads\/2020\/01\/SPECIALI-CAT.jpg?id=694) !important;background-position: center !important;background-repeat: no-repeat !important;background-size: cover !important;border-left-color: #333333 !important;border-left-style: solid !important;border-right-color: #333333 !important;border-right-style: solid !important;border-top-color: #333333 !important;border-top-style: solid !important;border-bottom-color: #333333 !important;border-bottom-style: solid !important;border-radius: 1px !important;}&#8220;]<\/p>\n<h4 style=\"text-align: center;\"><span style=\"color: #ffffff;\"><a style=\"color: #ffffff;\" href=\"?page_id=674\">SPEZIALVEREDELUNGEN<\/a><\/span><\/h4>\n<p>[\/vc_column_text][vc_empty_space image_repeat=&#8220;no-repeat&#8220;][\/vc_column][\/vc_row][vc_row row_type=&#8220;row&#8220; use_row_as_full_screen_section=&#8220;no&#8220; type=&#8220;full_width&#8220; text_align=&#8220;left&#8220; box_shadow_on_row=&#8220;no&#8220;][vc_column width=&#8220;1\/4&#8243;][\/vc_column][vc_column width=&#8220;1\/2&#8243;][vc_column_text]<\/p>\n<h1 style=\"text-align: center;\">AUSR\u00dcSTUNG<\/h1>\n<p>[\/vc_column_text][vc_empty_space height=&#8220;22px&#8220; image_repeat=&#8220;no-repeat&#8220;][vc_column_text]Zur Veredelung und Reinigung: 1 ionen- und plasmagest\u00fctzte Vakuumbeschichtungsanlage zur spezifischen Aktivierung und Reinigung der Oberfl\u00e4che des zu veredelnden Werkst\u00fccks.<\/p>\n<p>\u2022 <strong>Hei\u00dfmetallisierung im Hochvakuum<\/strong>: 3 PVD-Anlagen mit thermischer Verdampfung<br \/>\n\u2022 <strong>Lackierung<\/strong>: 4 vollst\u00e4ndige Fertigungslinien<br \/>\n\u2022 <strong>Trocken\u00f6fen<\/strong>: Trocknung in \u00d6fen mit (aufbereiteter gefilterter) forcierter Umluft mit st\u00e4ndiger Regulierung der Betriebstemperatur.<br \/>\n\u2022 <strong>Ausr\u00fcstung\/Rahmen<\/strong>: Neben der schnellen Entwicklung von spezifischen Sonderausr\u00fcstungen verf\u00fcgt Plasmet \u00fcber mehrere STD-Rahmen zur Abdeckung einer umfassenden Anzahl von Durchmessers\/Anforderungen, um die Kundenbed\u00fcrfnisse durch bereits im Unternehmen vorhandene Ger\u00e4ten erf\u00fcllen zu k\u00f6nnen.[\/vc_column_text][\/vc_column][vc_column width=&#8220;1\/4&#8243;][\/vc_column][\/vc_row][vc_row row_type=&#8220;row&#8220; use_row_as_full_screen_section=&#8220;no&#8220; type=&#8220;grid&#8220; text_align=&#8220;left&#8220; box_shadow_on_row=&#8220;no&#8220;][vc_column width=&#8220;1\/4&#8243;][\/vc_column][vc_column width=&#8220;1\/4&#8243; css=&#8220;.vc_custom_1561037975714{border-right-width: 1px !important;border-right-color: #020202 !important;border-right-style: solid !important;border-radius: 1px !important;}&#8220;][vc_single_image image=&#8220;394&#8243; img_size=&#8220;380&#215;263&#8243; hover_animation=&#8220;no&#8220;][\/vc_column][vc_column width=&#8220;1\/4&#8243;][vc_single_image image=&#8220;395&#8243; img_size=&#8220;380&#215;263&#8243; hover_animation=&#8220;no&#8220;][\/vc_column][vc_column width=&#8220;1\/4&#8243;][\/vc_column][\/vc_row][vc_row row_type=&#8220;row&#8220; use_row_as_full_screen_section=&#8220;no&#8220; type=&#8220;grid&#8220; text_align=&#8220;left&#8220; box_shadow_on_row=&#8220;no&#8220;][vc_column width=&#8220;1\/4&#8243;][\/vc_column][vc_column width=&#8220;1\/4&#8243;][vc_column_text]<\/p>\n<h4 style=\"text-align: center;\">Impianti di metallizzazione<\/h4>\n<p>[\/vc_column_text][vc_empty_space image_repeat=&#8220;no-repeat&#8220;][\/vc_column][vc_column width=&#8220;1\/4&#8243;][vc_column_text]<\/p>\n<h4 style=\"text-align: center;\">Preparazione e controllo qualit\u00e0<\/h4>\n<p>[\/vc_column_text][vc_empty_space image_repeat=&#8220;no-repeat&#8220;][\/vc_column][vc_column width=&#8220;1\/4&#8243;][\/vc_column][\/vc_row][vc_row row_type=&#8220;row&#8220; use_row_as_full_screen_section=&#8220;no&#8220; type=&#8220;grid&#8220; text_align=&#8220;left&#8220; box_shadow_on_row=&#8220;no&#8220; el_class=&#8220;bgGrey&#8220;][vc_column][vc_column_text]<\/p>\n<h3>Compila il seguente form per richiedere informazioni<\/h3>\n<p>[\/vc_column_text][vc_separator type=&#8220;normal&#8220; up_style=&#8220;px&#8220; down_style=&#8220;px&#8220;]\n<div class=\"wpcf7 no-js\" id=\"wpcf7-f4-o1\" lang=\"it-IT\" dir=\"ltr\">\n<div class=\"screen-reader-response\"><p role=\"status\" aria-live=\"polite\" aria-atomic=\"true\"><\/p> <ul><\/ul><\/div>\n<form action=\"\/de\/wp-json\/wp\/v2\/pages\/1307#wpcf7-f4-o1\" method=\"post\" class=\"wpcf7-form init cf7_custom_style_1\" aria-label=\"Modulo di contatto\" novalidate=\"novalidate\" data-status=\"init\">\n<div style=\"display: none;\">\n<input type=\"hidden\" name=\"_wpcf7\" value=\"4\" \/>\n<input type=\"hidden\" name=\"_wpcf7_version\" value=\"5.7.7\" \/>\n<input type=\"hidden\" name=\"_wpcf7_locale\" value=\"it_IT\" \/>\n<input type=\"hidden\" name=\"_wpcf7_unit_tag\" value=\"wpcf7-f4-o1\" \/>\n<input type=\"hidden\" name=\"_wpcf7_container_post\" value=\"0\" \/>\n<input type=\"hidden\" name=\"_wpcf7_posted_data_hash\" value=\"\" \/>\n<\/div>\n<p><span class=\"wpcf7-form-control-wrap\" data-name=\"nome\"><input size=\"40\" class=\"wpcf7-form-control wpcf7-text wpcf7-validates-as-required\" aria-required=\"true\" aria-invalid=\"false\" placeholder=\"Nome*\" value=\"\" type=\"text\" name=\"nome\" \/><\/span>\n<\/p>\n<p><span class=\"wpcf7-form-control-wrap\" data-name=\"email\"><input size=\"40\" class=\"wpcf7-form-control wpcf7-text wpcf7-email wpcf7-validates-as-required wpcf7-validates-as-email\" aria-required=\"true\" aria-invalid=\"false\" placeholder=\"Email*\" value=\"\" type=\"email\" name=\"email\" \/><\/span>\n<\/p>\n<p><br \/>\n<span class=\"wpcf7-form-control-wrap\" data-name=\"messaggio\"><textarea cols=\"40\" rows=\"10\" class=\"wpcf7-form-control wpcf7-textarea\" aria-invalid=\"false\" placeholder=\"Messaggio\" name=\"messaggio\"><\/textarea><\/span>\n<\/p>\n<p><span class=\"wpcf7-form-control-wrap\" data-name=\"acceptance-475\"><span class=\"wpcf7-form-control wpcf7-acceptance\"><span class=\"wpcf7-list-item\"><input type=\"checkbox\" name=\"acceptance-475\" value=\"1\" aria-invalid=\"false\" \/><\/span><\/span><\/span><span style=\"font-size:12px;\">Ho letto la <a href=\"https:\/\/www.plasmet.it\/privacy\/ \">Privacy Policy<\/a> e acconsento al trattamento dei dati personali<\/span>\n<\/p>\n<p><input class=\"wpcf7-form-control has-spinner wpcf7-submit\" type=\"submit\" value=\"Invia\" \/>\n<\/p>\n<div class=\"hidden\">\n\t<p><span class=\"wpcf7-form-control-wrap from\"><input name=\"from\" id=\"post_slug\" class=\"wpcf7-form-control wpcf7dtx-dynamictext wpcf7-dynamictext\" size=\"40\" aria-invalid=\"false\" type=\"text\" value=\"behandlungen-und-ausfuehrungen\" \/><\/span>\n\t<\/p>\n<\/div><div class=\"wpcf7-response-output\" aria-hidden=\"true\"><\/div>\n<\/form>\n<\/div>\n[\/vc_column][\/vc_row]<\/p>\n<\/section>","protected":false},"excerpt":{"rendered":"<p>[vc_row row_type=&#8220;row&#8220; use_row_as_full_screen_section=&#8220;no&#8220; type=&#8220;full_width&#8220; text_align=&#8220;left&#8220; background_image=&#8220;1574&#8243; padding_top=&#8220;0&#8243; box_shadow_on_row=&#8220;no&#8220; el_class=&#8220;noPad boxTitolo&#8220;][vc_column][vc_column_text css=&#8220;.vc_custom_1610958140810{border-top-width: 1px !important;border-right-width: 1px !important;border-bottom-width: 1px !important;border-left-width: 1px !important;padding-top: 70px !important;padding-right: 100px !important;padding-bottom: 70px !important;padding-left: 100px !important;background-image: url(http:\/\/www.plasmet.it\/wp-content\/uploads\/2020\/01\/trattamenti_e_finiture_-cop-1.jpg?id=784) !important;background-position: center !important;background-repeat: no-repeat !important;background-size: cover !important;border-left-color: #333333 !important;border-left-style: solid !important;border-right-color: #333333 !important;border-right-style: solid !important;border-top-color: #333333 !important;border-top-style:&#8230;<\/p>\n","protected":false},"author":2,"featured_media":0,"parent":0,"menu_order":0,"comment_status":"closed","ping_status":"closed","template":"full_width.php","meta":{"_mi_skip_tracking":false,"_monsterinsights_sitenote_active":false,"_monsterinsights_sitenote_note":"","_monsterinsights_sitenote_category":0},"yoast_head":"<!-- This site is optimized with the Yoast SEO plugin v20.9 - https:\/\/yoast.com\/wordpress\/plugins\/seo\/ -->\n<title>Behandlungen und ausf\u00fchrungen - Plasmet<\/title>\n<meta name=\"robots\" content=\"index, follow, max-snippet:-1, max-image-preview:large, max-video-preview:-1\" \/>\n<link rel=\"canonical\" href=\"https:\/\/www.plasmet.it\/trattamenti-e-finiture\/\" \/>\n<meta property=\"og:locale\" content=\"de_DE\" \/>\n<meta property=\"og:type\" content=\"article\" \/>\n<meta property=\"og:title\" content=\"Behandlungen und ausf\u00fchrungen - Plasmet\" \/>\n<meta property=\"og:description\" content=\"[vc_row row_type=&#8220;row&#8220; use_row_as_full_screen_section=&#8220;no&#8220; type=&#8220;full_width&#8220; text_align=&#8220;left&#8220; background_image=&#8220;1574&#8243; padding_top=&#8220;0&#8243; box_shadow_on_row=&#8220;no&#8220; el_class=&#8220;noPad boxTitolo&#8220;][vc_column][vc_column_text css=&#8220;.vc_custom_1610958140810{border-top-width: 1px !important;border-right-width: 1px !important;border-bottom-width: 1px !important;border-left-width: 1px !important;padding-top: 70px !important;padding-right: 100px !important;padding-bottom: 70px !important;padding-left: 100px !important;background-image: url(http:\/\/www.plasmet.it\/wp-content\/uploads\/2020\/01\/trattamenti_e_finiture_-cop-1.jpg?id=784) !important;background-position: center !important;background-repeat: no-repeat !important;background-size: cover !important;border-left-color: #333333 !important;border-left-style: solid !important;border-right-color: #333333 !important;border-right-style: solid !important;border-top-color: #333333 !important;border-top-style:...\" \/>\n<meta property=\"og:url\" content=\"https:\/\/www.plasmet.it\/trattamenti-e-finiture\/\" \/>\n<meta property=\"og:site_name\" content=\"Plasmet\" \/>\n<meta property=\"article:modified_time\" content=\"2021-01-18T08:22:27+00:00\" \/>\n<meta name=\"twitter:card\" content=\"summary_large_image\" \/>\n<meta name=\"twitter:label1\" content=\"Gesch\u00e4tzte Lesezeit\" \/>\n\t<meta name=\"twitter:data1\" content=\"6\u00a0Minuten\" \/>\n<script type=\"application\/ld+json\" class=\"yoast-schema-graph\">{\"@context\":\"https:\/\/schema.org\",\"@graph\":[{\"@type\":\"WebPage\",\"@id\":\"https:\/\/www.plasmet.it\/trattamenti-e-finiture\/\",\"url\":\"https:\/\/www.plasmet.it\/trattamenti-e-finiture\/\",\"name\":\"Behandlungen und ausf\u00fchrungen - Plasmet\",\"isPartOf\":{\"@id\":\"https:\/\/www.plasmet.it\/#website\"},\"datePublished\":\"2021-01-08T13:20:51+00:00\",\"dateModified\":\"2021-01-18T08:22:27+00:00\",\"breadcrumb\":{\"@id\":\"https:\/\/www.plasmet.it\/trattamenti-e-finiture\/#breadcrumb\"},\"inLanguage\":\"de\",\"potentialAction\":[{\"@type\":\"ReadAction\",\"target\":[\"https:\/\/www.plasmet.it\/trattamenti-e-finiture\/\"]}]},{\"@type\":\"BreadcrumbList\",\"@id\":\"https:\/\/www.plasmet.it\/trattamenti-e-finiture\/#breadcrumb\",\"itemListElement\":[{\"@type\":\"ListItem\",\"position\":1,\"name\":\"Home\",\"item\":\"https:\/\/www.plasmet.it\/de\/\"},{\"@type\":\"ListItem\",\"position\":2,\"name\":\"Behandlungen und ausf\u00fchrungen\"}]},{\"@type\":\"WebSite\",\"@id\":\"https:\/\/www.plasmet.it\/#website\",\"url\":\"https:\/\/www.plasmet.it\/\",\"name\":\"Plasmet\",\"description\":\"\",\"potentialAction\":[{\"@type\":\"SearchAction\",\"target\":{\"@type\":\"EntryPoint\",\"urlTemplate\":\"https:\/\/www.plasmet.it\/?s={search_term_string}\"},\"query-input\":\"required name=search_term_string\"}],\"inLanguage\":\"de\"}]}<\/script>\n<!-- \/ Yoast SEO plugin. -->","yoast_head_json":{"title":"Behandlungen und ausf\u00fchrungen - Plasmet","robots":{"index":"index","follow":"follow","max-snippet":"max-snippet:-1","max-image-preview":"max-image-preview:large","max-video-preview":"max-video-preview:-1"},"canonical":"https:\/\/www.plasmet.it\/trattamenti-e-finiture\/","og_locale":"de_DE","og_type":"article","og_title":"Behandlungen und ausf\u00fchrungen - Plasmet","og_description":"[vc_row row_type=&#8220;row&#8220; use_row_as_full_screen_section=&#8220;no&#8220; type=&#8220;full_width&#8220; text_align=&#8220;left&#8220; background_image=&#8220;1574&#8243; padding_top=&#8220;0&#8243; box_shadow_on_row=&#8220;no&#8220; el_class=&#8220;noPad boxTitolo&#8220;][vc_column][vc_column_text css=&#8220;.vc_custom_1610958140810{border-top-width: 1px !important;border-right-width: 1px !important;border-bottom-width: 1px !important;border-left-width: 1px !important;padding-top: 70px !important;padding-right: 100px !important;padding-bottom: 70px !important;padding-left: 100px !important;background-image: url(http:\/\/www.plasmet.it\/wp-content\/uploads\/2020\/01\/trattamenti_e_finiture_-cop-1.jpg?id=784) !important;background-position: center !important;background-repeat: no-repeat !important;background-size: cover !important;border-left-color: #333333 !important;border-left-style: solid !important;border-right-color: #333333 !important;border-right-style: solid !important;border-top-color: #333333 !important;border-top-style:...","og_url":"https:\/\/www.plasmet.it\/trattamenti-e-finiture\/","og_site_name":"Plasmet","article_modified_time":"2021-01-18T08:22:27+00:00","twitter_card":"summary_large_image","twitter_misc":{"Gesch\u00e4tzte Lesezeit":"6\u00a0Minuten"},"schema":{"@context":"https:\/\/schema.org","@graph":[{"@type":"WebPage","@id":"https:\/\/www.plasmet.it\/trattamenti-e-finiture\/","url":"https:\/\/www.plasmet.it\/trattamenti-e-finiture\/","name":"Behandlungen und ausf\u00fchrungen - Plasmet","isPartOf":{"@id":"https:\/\/www.plasmet.it\/#website"},"datePublished":"2021-01-08T13:20:51+00:00","dateModified":"2021-01-18T08:22:27+00:00","breadcrumb":{"@id":"https:\/\/www.plasmet.it\/trattamenti-e-finiture\/#breadcrumb"},"inLanguage":"de","potentialAction":[{"@type":"ReadAction","target":["https:\/\/www.plasmet.it\/trattamenti-e-finiture\/"]}]},{"@type":"BreadcrumbList","@id":"https:\/\/www.plasmet.it\/trattamenti-e-finiture\/#breadcrumb","itemListElement":[{"@type":"ListItem","position":1,"name":"Home","item":"https:\/\/www.plasmet.it\/de\/"},{"@type":"ListItem","position":2,"name":"Behandlungen und ausf\u00fchrungen"}]},{"@type":"WebSite","@id":"https:\/\/www.plasmet.it\/#website","url":"https:\/\/www.plasmet.it\/","name":"Plasmet","description":"","potentialAction":[{"@type":"SearchAction","target":{"@type":"EntryPoint","urlTemplate":"https:\/\/www.plasmet.it\/?s={search_term_string}"},"query-input":"required name=search_term_string"}],"inLanguage":"de"}]}},"_links":{"self":[{"href":"https:\/\/www.plasmet.it\/de\/wp-json\/wp\/v2\/pages\/1307"}],"collection":[{"href":"https:\/\/www.plasmet.it\/de\/wp-json\/wp\/v2\/pages"}],"about":[{"href":"https:\/\/www.plasmet.it\/de\/wp-json\/wp\/v2\/types\/page"}],"author":[{"embeddable":true,"href":"https:\/\/www.plasmet.it\/de\/wp-json\/wp\/v2\/users\/2"}],"replies":[{"embeddable":true,"href":"https:\/\/www.plasmet.it\/de\/wp-json\/wp\/v2\/comments?post=1307"}],"version-history":[{"count":6,"href":"https:\/\/www.plasmet.it\/de\/wp-json\/wp\/v2\/pages\/1307\/revisions"}],"predecessor-version":[{"id":1598,"href":"https:\/\/www.plasmet.it\/de\/wp-json\/wp\/v2\/pages\/1307\/revisions\/1598"}],"wp:attachment":[{"href":"https:\/\/www.plasmet.it\/de\/wp-json\/wp\/v2\/media?parent=1307"}],"curies":[{"name":"wp","href":"https:\/\/api.w.org\/{rel}","templated":true}]}}