{"id":1311,"date":"2021-01-08T14:31:57","date_gmt":"2021-01-08T13:31:57","guid":{"rendered":"http:\/\/www.plasmet.it\/?page_id=1311"},"modified":"2021-01-08T15:50:00","modified_gmt":"2021-01-08T14:50:00","slug":"metallizzazione","status":"publish","type":"page","link":"https:\/\/www.plasmet.it\/de\/metallizzazione\/","title":{"rendered":"Metallisieren"},"content":{"rendered":"<section class=\"wpb-content-wrapper\"><p>[vc_row row_type=&#8220;row&#8220; use_row_as_full_screen_section=&#8220;no&#8220; type=&#8220;full_width&#8220; text_align=&#8220;left&#8220; padding_top=&#8220;0&#8243; padding_bottom=&#8220;0&#8243; box_shadow_on_row=&#8220;no&#8220; el_class=&#8220;noPad&#8220;][vc_column][vc_column_text css=&#8220;.vc_custom_1610117392924{padding-top: 70px !important;padding-right: 100px !important;padding-bottom: 70px !important;padding-left: 100px !important;background-image: url(http:\/\/www.plasmet.it\/wp-content\/uploads\/2020\/01\/metal-cop-bg.jpg?id=801) !important;background-position: center !important;background-repeat: no-repeat !important;background-size: cover !important;}&#8220;]<\/p>\n<h1 style=\"text-align: center;\"><span style=\"color: #ffffff;\">METALLISIEREN<\/span><\/h1>\n<p>[\/vc_column_text][vc_empty_space height=&#8220;20px&#8220; image_repeat=&#8220;no-repeat&#8220;][\/vc_column][\/vc_row][vc_row row_type=&#8220;row&#8220; use_row_as_full_screen_section=&#8220;no&#8220; type=&#8220;grid&#8220; text_align=&#8220;left&#8220; box_shadow_on_row=&#8220;no&#8220;][vc_column width=&#8220;1\/2&#8243;][vc_column_text]<\/p>\n<h4 style=\"text-align: center;\">METALLISIERUNG: <strong>HERK\u00d6MMLICH, GL\u00c4NZEND UND MATT<\/strong><\/h4>\n<p>[\/vc_column_text][vc_empty_space height=&#8220;20px&#8220; image_repeat=&#8220;no-repeat&#8220;][vc_column_text]<\/p>\n<p style=\"text-align: center;\">Gold | Silber | Farbig und auf Anfrage nach Pantone-Farbpalette.<\/p>\n<p style=\"text-align: center;\">Mit der PVD-Technik k\u00f6nnen wir unterschiedliche Grundt\u00f6ne aus verschiedenen Legierungen realisieren.<\/p>\n<p style=\"text-align: center;\">Die <strong>unz\u00e4hligen Farbt\u00f6ne<\/strong> werden bei der auf die Metallisierung folgenden Lackierung erzielt. Die gew\u00e4hlte Beschichtung ist abh\u00e4ngig von den vom Kunden geforderten physikalischen\/chemischen Anforderungen (Widerstand gegen Abrieb Alkohol\/Duftessenzen)<\/p>\n<p>[\/vc_column_text][\/vc_column][vc_column width=&#8220;1\/2&#8243;][vc_column_text]<\/p>\n<h4 style=\"text-align: center;\">IN STD-AUSF\u00dcHRUNGEN ZU VERARBEITENDE WERKST\u00dcCKE<\/h4>\n<p>[\/vc_column_text][vc_empty_space height=&#8220;20px&#8220; image_repeat=&#8220;no-repeat&#8220;][vc_column_text]<\/p>\n<p style=\"text-align: center;\">Durchmesser; 5\u2013120 mm<br \/>\nH\u00f6he: 5\u2013140 mm<\/p>\n<p style=\"text-align: center;\">Produktionsleistung (in einer Tagesschicht)<\/p>\n<p style=\"text-align: center;\">Metallisierung von Werkst\u00fccken in STD-Gr\u00f6\u00dfen: 150.000 Stk.\/Tag<\/p>\n<p>[\/vc_column_text][\/vc_column][\/vc_row][vc_row row_type=&#8220;row&#8220; use_row_as_full_screen_section=&#8220;no&#8220; type=&#8220;grid&#8220; text_align=&#8220;left&#8220; padding_top=&#8220;15&#8243; padding_bottom=&#8220;15&#8243; box_shadow_on_row=&#8220;no&#8220;][vc_column width=&#8220;1\/3&#8243;][vc_single_image image=&#8220;1018&#8243; img_size=&#8220;full&#8220; alignment=&#8220;center&#8220; style=&#8220;vc_box_outline&#8220; border_color=&#8220;black&#8220; onclick=&#8220;link_image&#8220; hover_animation=&#8220;no&#8220;][\/vc_column][vc_column width=&#8220;1\/3&#8243;][vc_single_image image=&#8220;1017&#8243; img_size=&#8220;full&#8220; alignment=&#8220;center&#8220; style=&#8220;vc_box_outline&#8220; border_color=&#8220;black&#8220; onclick=&#8220;link_image&#8220; hover_animation=&#8220;no&#8220;][\/vc_column][vc_column width=&#8220;1\/3&#8243;][vc_single_image image=&#8220;1015&#8243; img_size=&#8220;full&#8220; alignment=&#8220;center&#8220; style=&#8220;vc_box_outline&#8220; border_color=&#8220;black&#8220; onclick=&#8220;link_image&#8220; hover_animation=&#8220;no&#8220;][\/vc_column][\/vc_row][vc_row row_type=&#8220;row&#8220; use_row_as_full_screen_section=&#8220;no&#8220; type=&#8220;grid&#8220; text_align=&#8220;left&#8220; padding_top=&#8220;15&#8243; padding_bottom=&#8220;15&#8243; box_shadow_on_row=&#8220;no&#8220;][vc_column width=&#8220;1\/3&#8243;][vc_single_image image=&#8220;1014&#8243; img_size=&#8220;full&#8220; alignment=&#8220;center&#8220; style=&#8220;vc_box_outline&#8220; border_color=&#8220;black&#8220; onclick=&#8220;link_image&#8220; hover_animation=&#8220;no&#8220;][\/vc_column][vc_column width=&#8220;1\/3&#8243;][vc_single_image image=&#8220;979&#8243; img_size=&#8220;medium&#8220; alignment=&#8220;center&#8220; style=&#8220;vc_box_outline&#8220; border_color=&#8220;black&#8220; onclick=&#8220;link_image&#8220; hover_animation=&#8220;no&#8220;][\/vc_column][vc_column width=&#8220;1\/3&#8243;][vc_single_image image=&#8220;965&#8243; img_size=&#8220;1000&#215;700&#8243; alignment=&#8220;center&#8220; style=&#8220;vc_box_outline&#8220; border_color=&#8220;black&#8220; onclick=&#8220;link_image&#8220; hover_animation=&#8220;no&#8220;][\/vc_column][\/vc_row][vc_row row_type=&#8220;row&#8220; use_row_as_full_screen_section=&#8220;no&#8220; type=&#8220;grid&#8220; text_align=&#8220;left&#8220; padding_top=&#8220;15&#8243; padding_bottom=&#8220;15&#8243; box_shadow_on_row=&#8220;no&#8220;][vc_column width=&#8220;1\/3&#8243;][vc_single_image image=&#8220;964&#8243; img_size=&#8220;1000X700&#8243; alignment=&#8220;center&#8220; style=&#8220;vc_box_outline&#8220; border_color=&#8220;black&#8220; onclick=&#8220;link_image&#8220; hover_animation=&#8220;no&#8220;][\/vc_column][vc_column width=&#8220;1\/3&#8243;][vc_single_image image=&#8220;963&#8243; img_size=&#8220;1000X700&#8243; alignment=&#8220;center&#8220; style=&#8220;vc_box_outline&#8220; border_color=&#8220;black&#8220; onclick=&#8220;link_image&#8220; hover_animation=&#8220;no&#8220;][\/vc_column][vc_column width=&#8220;1\/3&#8243;][vc_single_image image=&#8220;975&#8243; img_size=&#8220;1000X700&#8243; alignment=&#8220;center&#8220; style=&#8220;vc_box_outline&#8220; border_color=&#8220;black&#8220; onclick=&#8220;link_image&#8220; hover_animation=&#8220;no&#8220;][\/vc_column][\/vc_row][vc_row row_type=&#8220;row&#8220; use_row_as_full_screen_section=&#8220;no&#8220; type=&#8220;grid&#8220; text_align=&#8220;left&#8220; box_shadow_on_row=&#8220;no&#8220; el_class=&#8220;bgGrey&#8220;][vc_column][vc_column_text]<\/p>\n<h3>Informationen anfrage<\/h3>\n<p>[\/vc_column_text][vc_separator type=&#8220;normal&#8220; up_style=&#8220;px&#8220; down_style=&#8220;px&#8220;]\n<div class=\"wpcf7 no-js\" id=\"wpcf7-f4-o1\" lang=\"it-IT\" dir=\"ltr\">\n<div class=\"screen-reader-response\"><p role=\"status\" aria-live=\"polite\" aria-atomic=\"true\"><\/p> <ul><\/ul><\/div>\n<form action=\"\/de\/wp-json\/wp\/v2\/pages\/1311#wpcf7-f4-o1\" method=\"post\" class=\"wpcf7-form init cf7_custom_style_1\" aria-label=\"Modulo di contatto\" novalidate=\"novalidate\" data-status=\"init\">\n<div style=\"display: none;\">\n<input type=\"hidden\" name=\"_wpcf7\" value=\"4\" \/>\n<input type=\"hidden\" name=\"_wpcf7_version\" value=\"5.7.7\" \/>\n<input type=\"hidden\" name=\"_wpcf7_locale\" value=\"it_IT\" \/>\n<input type=\"hidden\" name=\"_wpcf7_unit_tag\" value=\"wpcf7-f4-o1\" \/>\n<input type=\"hidden\" name=\"_wpcf7_container_post\" value=\"0\" \/>\n<input type=\"hidden\" name=\"_wpcf7_posted_data_hash\" value=\"\" \/>\n<\/div>\n<p><span class=\"wpcf7-form-control-wrap\" data-name=\"nome\"><input size=\"40\" class=\"wpcf7-form-control wpcf7-text wpcf7-validates-as-required\" aria-required=\"true\" aria-invalid=\"false\" placeholder=\"Nome*\" value=\"\" type=\"text\" name=\"nome\" \/><\/span>\n<\/p>\n<p><span class=\"wpcf7-form-control-wrap\" data-name=\"email\"><input size=\"40\" class=\"wpcf7-form-control wpcf7-text wpcf7-email wpcf7-validates-as-required wpcf7-validates-as-email\" aria-required=\"true\" aria-invalid=\"false\" placeholder=\"Email*\" value=\"\" type=\"email\" name=\"email\" \/><\/span>\n<\/p>\n<p><br \/>\n<span class=\"wpcf7-form-control-wrap\" data-name=\"messaggio\"><textarea cols=\"40\" rows=\"10\" class=\"wpcf7-form-control wpcf7-textarea\" aria-invalid=\"false\" placeholder=\"Messaggio\" name=\"messaggio\"><\/textarea><\/span>\n<\/p>\n<p><span class=\"wpcf7-form-control-wrap\" data-name=\"acceptance-475\"><span class=\"wpcf7-form-control wpcf7-acceptance\"><span class=\"wpcf7-list-item\"><input type=\"checkbox\" name=\"acceptance-475\" value=\"1\" aria-invalid=\"false\" \/><\/span><\/span><\/span><span style=\"font-size:12px;\">Ho letto la <a href=\"https:\/\/www.plasmet.it\/privacy\/ \">Privacy Policy<\/a> e acconsento al trattamento dei dati personali<\/span>\n<\/p>\n<p><input class=\"wpcf7-form-control has-spinner wpcf7-submit\" type=\"submit\" value=\"Invia\" \/>\n<\/p>\n<div class=\"hidden\">\n\t<p><span class=\"wpcf7-form-control-wrap from\"><input name=\"from\" id=\"post_slug\" class=\"wpcf7-form-control wpcf7dtx-dynamictext wpcf7-dynamictext\" size=\"40\" aria-invalid=\"false\" type=\"text\" value=\"metallizzazione\" \/><\/span>\n\t<\/p>\n<\/div><div class=\"wpcf7-response-output\" aria-hidden=\"true\"><\/div>\n<\/form>\n<\/div>\n[\/vc_column][\/vc_row]<\/p>\n<\/section>","protected":false},"excerpt":{"rendered":"<p>[vc_row row_type=&#8220;row&#8220; use_row_as_full_screen_section=&#8220;no&#8220; type=&#8220;full_width&#8220; text_align=&#8220;left&#8220; padding_top=&#8220;0&#8243; padding_bottom=&#8220;0&#8243; box_shadow_on_row=&#8220;no&#8220; el_class=&#8220;noPad&#8220;][vc_column][vc_column_text css=&#8220;.vc_custom_1610117392924{padding-top: 70px !important;padding-right: 100px !important;padding-bottom: 70px !important;padding-left: 100px !important;background-image: url(http:\/\/www.plasmet.it\/wp-content\/uploads\/2020\/01\/metal-cop-bg.jpg?id=801) !important;background-position: center !important;background-repeat: no-repeat !important;background-size: cover !important;}&#8220;] METALLISIEREN [\/vc_column_text][vc_empty_space height=&#8220;20px&#8220; image_repeat=&#8220;no-repeat&#8220;][\/vc_column][\/vc_row][vc_row row_type=&#8220;row&#8220; use_row_as_full_screen_section=&#8220;no&#8220; type=&#8220;grid&#8220; text_align=&#8220;left&#8220; box_shadow_on_row=&#8220;no&#8220;][vc_column width=&#8220;1\/2&#8243;][vc_column_text] METALLISIERUNG: HERK\u00d6MMLICH, GL\u00c4NZEND UND MATT [\/vc_column_text][vc_empty_space height=&#8220;20px&#8220; image_repeat=&#8220;no-repeat&#8220;][vc_column_text] Gold&#8230;<\/p>\n","protected":false},"author":2,"featured_media":0,"parent":0,"menu_order":0,"comment_status":"closed","ping_status":"closed","template":"full_width.php","meta":{"_mi_skip_tracking":false,"_monsterinsights_sitenote_active":false,"_monsterinsights_sitenote_note":"","_monsterinsights_sitenote_category":0},"yoast_head":"<!-- This site is optimized with the Yoast SEO plugin v20.9 - https:\/\/yoast.com\/wordpress\/plugins\/seo\/ -->\n<title>Metallisieren - Plasmet<\/title>\n<meta name=\"description\" content=\"Siamo in grado di realizzare con il trattamento P.V.D. varie tinte di base ottenute con leghe diverse.\" \/>\n<meta name=\"robots\" content=\"index, follow, max-snippet:-1, max-image-preview:large, max-video-preview:-1\" \/>\n<link rel=\"canonical\" href=\"https:\/\/www.plasmet.it\/metallizzazione\/\" \/>\n<meta property=\"og:locale\" content=\"de_DE\" \/>\n<meta property=\"og:type\" content=\"article\" \/>\n<meta property=\"og:title\" content=\"Metallisieren - Plasmet\" \/>\n<meta property=\"og:description\" content=\"Siamo in grado di realizzare con il trattamento P.V.D. varie tinte di base ottenute con leghe diverse.\" \/>\n<meta property=\"og:url\" content=\"https:\/\/www.plasmet.it\/metallizzazione\/\" \/>\n<meta property=\"og:site_name\" content=\"Plasmet\" \/>\n<meta property=\"article:modified_time\" content=\"2021-01-08T14:50:00+00:00\" \/>\n<meta name=\"twitter:card\" content=\"summary_large_image\" \/>\n<meta name=\"twitter:label1\" content=\"Gesch\u00e4tzte Lesezeit\" \/>\n\t<meta name=\"twitter:data1\" content=\"3\u00a0Minuten\" \/>\n<script type=\"application\/ld+json\" class=\"yoast-schema-graph\">{\"@context\":\"https:\/\/schema.org\",\"@graph\":[{\"@type\":\"WebPage\",\"@id\":\"https:\/\/www.plasmet.it\/metallizzazione\/\",\"url\":\"https:\/\/www.plasmet.it\/metallizzazione\/\",\"name\":\"Metallisieren - Plasmet\",\"isPartOf\":{\"@id\":\"https:\/\/www.plasmet.it\/#website\"},\"datePublished\":\"2021-01-08T13:31:57+00:00\",\"dateModified\":\"2021-01-08T14:50:00+00:00\",\"description\":\"Siamo in grado di realizzare con il trattamento P.V.D. varie tinte di base ottenute con leghe diverse.\",\"breadcrumb\":{\"@id\":\"https:\/\/www.plasmet.it\/metallizzazione\/#breadcrumb\"},\"inLanguage\":\"de\",\"potentialAction\":[{\"@type\":\"ReadAction\",\"target\":[\"https:\/\/www.plasmet.it\/metallizzazione\/\"]}]},{\"@type\":\"BreadcrumbList\",\"@id\":\"https:\/\/www.plasmet.it\/metallizzazione\/#breadcrumb\",\"itemListElement\":[{\"@type\":\"ListItem\",\"position\":1,\"name\":\"Home\",\"item\":\"https:\/\/www.plasmet.it\/de\/\"},{\"@type\":\"ListItem\",\"position\":2,\"name\":\"Metallisieren\"}]},{\"@type\":\"WebSite\",\"@id\":\"https:\/\/www.plasmet.it\/#website\",\"url\":\"https:\/\/www.plasmet.it\/\",\"name\":\"Plasmet\",\"description\":\"\",\"potentialAction\":[{\"@type\":\"SearchAction\",\"target\":{\"@type\":\"EntryPoint\",\"urlTemplate\":\"https:\/\/www.plasmet.it\/?s={search_term_string}\"},\"query-input\":\"required name=search_term_string\"}],\"inLanguage\":\"de\"}]}<\/script>\n<!-- \/ Yoast SEO plugin. -->","yoast_head_json":{"title":"Metallisieren - Plasmet","description":"Siamo in grado di realizzare con il trattamento P.V.D. varie tinte di base ottenute con leghe diverse.","robots":{"index":"index","follow":"follow","max-snippet":"max-snippet:-1","max-image-preview":"max-image-preview:large","max-video-preview":"max-video-preview:-1"},"canonical":"https:\/\/www.plasmet.it\/metallizzazione\/","og_locale":"de_DE","og_type":"article","og_title":"Metallisieren - Plasmet","og_description":"Siamo in grado di realizzare con il trattamento P.V.D. varie tinte di base ottenute con leghe diverse.","og_url":"https:\/\/www.plasmet.it\/metallizzazione\/","og_site_name":"Plasmet","article_modified_time":"2021-01-08T14:50:00+00:00","twitter_card":"summary_large_image","twitter_misc":{"Gesch\u00e4tzte Lesezeit":"3\u00a0Minuten"},"schema":{"@context":"https:\/\/schema.org","@graph":[{"@type":"WebPage","@id":"https:\/\/www.plasmet.it\/metallizzazione\/","url":"https:\/\/www.plasmet.it\/metallizzazione\/","name":"Metallisieren - Plasmet","isPartOf":{"@id":"https:\/\/www.plasmet.it\/#website"},"datePublished":"2021-01-08T13:31:57+00:00","dateModified":"2021-01-08T14:50:00+00:00","description":"Siamo in grado di realizzare con il trattamento P.V.D. varie tinte di base ottenute con leghe diverse.","breadcrumb":{"@id":"https:\/\/www.plasmet.it\/metallizzazione\/#breadcrumb"},"inLanguage":"de","potentialAction":[{"@type":"ReadAction","target":["https:\/\/www.plasmet.it\/metallizzazione\/"]}]},{"@type":"BreadcrumbList","@id":"https:\/\/www.plasmet.it\/metallizzazione\/#breadcrumb","itemListElement":[{"@type":"ListItem","position":1,"name":"Home","item":"https:\/\/www.plasmet.it\/de\/"},{"@type":"ListItem","position":2,"name":"Metallisieren"}]},{"@type":"WebSite","@id":"https:\/\/www.plasmet.it\/#website","url":"https:\/\/www.plasmet.it\/","name":"Plasmet","description":"","potentialAction":[{"@type":"SearchAction","target":{"@type":"EntryPoint","urlTemplate":"https:\/\/www.plasmet.it\/?s={search_term_string}"},"query-input":"required name=search_term_string"}],"inLanguage":"de"}]}},"_links":{"self":[{"href":"https:\/\/www.plasmet.it\/de\/wp-json\/wp\/v2\/pages\/1311"}],"collection":[{"href":"https:\/\/www.plasmet.it\/de\/wp-json\/wp\/v2\/pages"}],"about":[{"href":"https:\/\/www.plasmet.it\/de\/wp-json\/wp\/v2\/types\/page"}],"author":[{"embeddable":true,"href":"https:\/\/www.plasmet.it\/de\/wp-json\/wp\/v2\/users\/2"}],"replies":[{"embeddable":true,"href":"https:\/\/www.plasmet.it\/de\/wp-json\/wp\/v2\/comments?post=1311"}],"version-history":[{"count":3,"href":"https:\/\/www.plasmet.it\/de\/wp-json\/wp\/v2\/pages\/1311\/revisions"}],"predecessor-version":[{"id":1389,"href":"https:\/\/www.plasmet.it\/de\/wp-json\/wp\/v2\/pages\/1311\/revisions\/1389"}],"wp:attachment":[{"href":"https:\/\/www.plasmet.it\/de\/wp-json\/wp\/v2\/media?parent=1311"}],"curies":[{"name":"wp","href":"https:\/\/api.w.org\/{rel}","templated":true}]}}