{"id":1146,"date":"2020-12-22T12:09:00","date_gmt":"2020-12-22T11:09:00","guid":{"rendered":"http:\/\/www.plasmet.it\/?page_id=1146"},"modified":"2021-01-18T09:32:13","modified_gmt":"2021-01-18T08:32:13","slug":"come-operiamo","status":"publish","type":"page","link":"https:\/\/www.plasmet.it\/fr\/come-operiamo\/","title":{"rendered":"Notre fonctionnement"},"content":{"rendered":"<section class=\"wpb-content-wrapper\"><p>[vc_row row_type=\u00a0\u00bbrow\u00a0\u00bb use_row_as_full_screen_section=\u00a0\u00bbno\u00a0\u00bb type=\u00a0\u00bbfull_width\u00a0\u00bb text_align=\u00a0\u00bbleft\u00a0\u00bb background_image=\u00a0\u00bb1568&Prime; box_shadow_on_row=\u00a0\u00bbno\u00a0\u00bb el_class=\u00a0\u00bbnoPad boxTitolo\u00a0\u00bb][vc_column][vc_column_text css=\u00a0\u00bb.vc_custom_1610958728897{padding-top: 70px !important;padding-right: 100px !important;padding-bottom: 70px !important;padding-left: 100px !important;background-image: url(http:\/\/www.plasmet.it\/wp-content\/uploads\/2020\/01\/puntidiforza-bg.jpg?id=792) !important;background-position: center !important;background-repeat: no-repeat !important;background-size: cover !important;}\u00a0\u00bb]<\/p>\n<h1 style=\"text-align: center;\">NOTRE FONCTIONNEMENT<\/h1>\n<p>[\/vc_column_text][\/vc_column][\/vc_row][vc_row row_type=\u00a0\u00bbrow\u00a0\u00bb use_row_as_full_screen_section=\u00a0\u00bbno\u00a0\u00bb type=\u00a0\u00bbfull_width\u00a0\u00bb text_align=\u00a0\u00bbleft\u00a0\u00bb box_shadow_on_row=\u00a0\u00bbno\u00a0\u00bb el_class=\u00a0\u00bbnoPad\u00a0\u00bb][vc_column][vc_empty_space image_repeat=\u00a0\u00bbno-repeat\u00a0\u00bb][\/vc_column][\/vc_row][vc_row row_type=\u00a0\u00bbrow\u00a0\u00bb use_row_as_full_screen_section=\u00a0\u00bbno\u00a0\u00bb type=\u00a0\u00bbgrid\u00a0\u00bb text_align=\u00a0\u00bbcenter\u00a0\u00bb box_shadow_on_row=\u00a0\u00bbno\u00a0\u00bb][vc_column width=\u00a0\u00bb1\/2&Prime;][vc_empty_space height=\u00a0\u00bb80px\u00a0\u00bb image_repeat=\u00a0\u00bbno-repeat\u00a0\u00bb][vc_row_inner row_type=\u00a0\u00bbrow\u00a0\u00bb type=\u00a0\u00bbfull_width\u00a0\u00bb use_row_as_full_screen_section_slide=\u00a0\u00bbno\u00a0\u00bb text_align=\u00a0\u00bbleft\u00a0\u00bb box_shadow_on_row=\u00a0\u00bbno\u00a0\u00bb el_class=\u00a0\u00bbhoverIcons\u00a0\u00bb][vc_column_inner width=\u00a0\u00bb1\/2&Prime;]<div class='edgt_icon_with_title tiny circle center' ><div class=\"icon_holder \" style=\" \"><div class=\"icon_holder_inner\"><span class=\"edgt_icon_stack edgt_tiny_icon  custom-font\" style=\"font-size: 30px;color: #ffffff;background-color: #000000;border-width: 2px;\"><i class=\"edgt_icon_font_awesome fa fa-check icon_text_icon edgt_icon_stack_1x\" style=\"font-size: 30px;\" ><\/i><\/span><\/div><\/div><div class=\"icon_text_holder\"><div class=\"icon_title_inner_holder\"><h4 class=\"icon_title \" style=\"\">LE SERVICE <\/h4><\/div><div class=\"icon_text_inner\"><p style=''>La ponctualit\u00e9 et la pr\u00e9cision sont des exigences essentielles de notre entreprise, gr\u00e2ce auxquelles nous pouvons respecter des d\u00e9lais de livraison convenus et r\u00e9pondre aux attentes de chaque client.<\/p><\/div><\/div><\/div>[\/vc_column_inner][vc_column_inner width=\u00a0\u00bb1\/2&Prime;]<div class='edgt_icon_with_title tiny circle center' ><div class=\"icon_holder \" style=\" \"><div class=\"icon_holder_inner\"><span class=\"edgt_icon_stack edgt_tiny_icon  custom-font\" style=\"font-size: 30px;color: #ffffff;background-color: #000000;border-width: 2px;\"><i class=\"edgt_icon_font_awesome fa fa-truck icon_text_icon edgt_icon_stack_1x\" style=\"font-size: 30px;\" ><\/i><\/span><\/div><\/div><div class=\"icon_text_holder\"><div class=\"icon_title_inner_holder\"><h4 class=\"icon_title \" style=\"\">LA PRODUCTION <\/h4><\/div><div class=\"icon_text_inner\"><p style=''>Notre entreprise est en mesure de garantir la flexibilit\u00e9 dans la production pour les petits et les grands lots. Nos services de production sont toujours en mesure de suivre l&#039;avancement de la commande cycle apr\u00e8s cycle.<\/p><\/div><\/div><\/div>[\/vc_column_inner][\/vc_row_inner][vc_row_inner row_type=\u00a0\u00bbrow\u00a0\u00bb type=\u00a0\u00bbfull_width\u00a0\u00bb use_row_as_full_screen_section_slide=\u00a0\u00bbno\u00a0\u00bb text_align=\u00a0\u00bbleft\u00a0\u00bb box_shadow_on_row=\u00a0\u00bbno\u00a0\u00bb el_class=\u00a0\u00bbhoverIcons\u00a0\u00bb][vc_column_inner width=\u00a0\u00bb1\/2&Prime;]<div class='edgt_icon_with_title tiny circle center' ><div class=\"icon_holder \" style=\" \"><div class=\"icon_holder_inner\"><span class=\"edgt_icon_stack edgt_tiny_icon  custom-font\" style=\"font-size: 30px;color: #ffffff;background-color: #000000;border-width: 2px;\"><i class=\"edgt_icon_font_awesome fa fa-paint-brush icon_text_icon edgt_icon_stack_1x\" style=\"font-size: 30px;\" ><\/i><\/span><\/div><\/div><div class=\"icon_text_holder\"><div class=\"icon_title_inner_holder\"><h4 class=\"icon_title \" style=\"\">L\u2019EXP\u00c9RIENCE<\/h4><\/div><div class=\"icon_text_inner\"><p style=''>Gr\u00e2ce \u00e0 notre exp\u00e9rience de trente ans, nous sommes en mesure de traiter tout type de mat\u00e9riau avec une extr\u00eame pr\u00e9cision pour obtenir des r\u00e9sultats excellents. Nous avons d\u00e9velopp\u00e9 et personnalis\u00e9 au fil des ans les cycles de production du polym\u00e8re trait\u00e9, afin d&#039;apporter une valeur ajout\u00e9e, notamment dans le domaine des cosm\u00e9tiques.<\/p><\/div><\/div><\/div>[\/vc_column_inner][vc_column_inner width=\u00a0\u00bb1\/2&Prime;]<div class='edgt_icon_with_title tiny circle center' ><div class=\"icon_holder \" style=\" \"><div class=\"icon_holder_inner\"><span class=\"edgt_icon_stack edgt_tiny_icon  custom-font\" style=\"font-size: 30px;color: #ffffff;background-color: #000000;border-width: 2px;\"><i class=\"edgt_icon_font_awesome fa fa-certificate icon_text_icon edgt_icon_stack_1x\" style=\"font-size: 30px;\" ><\/i><\/span><\/div><\/div><div class=\"icon_text_holder\"><div class=\"icon_title_inner_holder\"><h4 class=\"icon_title \" style=\"\">LES CERTIFICATIONS<\/h4><\/div><div class=\"icon_text_inner\"><p style=''>La qualit\u00e9 des produits et des services Plasmet est attest\u00e9e par des certificats d\u00e9livr\u00e9s par les principaux organismes europ\u00e9ens de certification.<\/p><\/div><\/div><\/div>[\/vc_column_inner][\/vc_row_inner][\/vc_column][vc_column width=\u00a0\u00bb1\/2&Prime;][vc_single_image image=\u00a0\u00bb1565&Prime; img_size=\u00a0\u00bbfull\u00a0\u00bb alignment=\u00a0\u00bbcenter\u00a0\u00bb hover_animation=\u00a0\u00bbno\u00a0\u00bb][\/vc_column][\/vc_row][vc_row row_type=\u00a0\u00bbrow\u00a0\u00bb use_row_as_full_screen_section=\u00a0\u00bbno\u00a0\u00bb type=\u00a0\u00bbgrid\u00a0\u00bb text_align=\u00a0\u00bbcenter\u00a0\u00bb box_shadow_on_row=\u00a0\u00bbno\u00a0\u00bb][vc_column][vc_column_text][\/vc_column_text][vc_empty_space image_repeat=\u00a0\u00bbno-repeat\u00a0\u00bb][vc_column_text][\/vc_column_text][vc_empty_space image_repeat=\u00a0\u00bbno-repeat\u00a0\u00bb][\/vc_column][\/vc_row][vc_row row_type=\u00a0\u00bbrow\u00a0\u00bb use_row_as_full_screen_section=\u00a0\u00bbno\u00a0\u00bb type=\u00a0\u00bbgrid\u00a0\u00bb text_align=\u00a0\u00bbleft\u00a0\u00bb box_shadow_on_row=\u00a0\u00bbno\u00a0\u00bb el_class=\u00a0\u00bbbgGrey\u00a0\u00bb][vc_column][vc_column_text]<\/p>\n<h3>Nous contacter pour des informations<\/h3>\n<p>[\/vc_column_text][vc_separator type=\u00a0\u00bbnormal\u00a0\u00bb up_style=\u00a0\u00bbpx\u00a0\u00bb down_style=\u00a0\u00bbpx\u00a0\u00bb]\n<div class=\"wpcf7 no-js\" id=\"wpcf7-f1253-o1\" lang=\"it-IT\" dir=\"ltr\">\n<div class=\"screen-reader-response\"><p role=\"status\" aria-live=\"polite\" aria-atomic=\"true\"><\/p> <ul><\/ul><\/div>\n<form action=\"\/fr\/wp-json\/wp\/v2\/pages\/1146#wpcf7-f1253-o1\" method=\"post\" class=\"wpcf7-form init cf7_custom_style_1\" aria-label=\"Modulo di contatto\" novalidate=\"novalidate\" data-status=\"init\">\n<div style=\"display: none;\">\n<input type=\"hidden\" name=\"_wpcf7\" value=\"1253\" \/>\n<input type=\"hidden\" name=\"_wpcf7_version\" value=\"5.7.7\" \/>\n<input type=\"hidden\" name=\"_wpcf7_locale\" value=\"it_IT\" \/>\n<input type=\"hidden\" name=\"_wpcf7_unit_tag\" value=\"wpcf7-f1253-o1\" \/>\n<input type=\"hidden\" name=\"_wpcf7_container_post\" value=\"0\" \/>\n<input type=\"hidden\" name=\"_wpcf7_posted_data_hash\" value=\"\" \/>\n<\/div>\n<p><span class=\"wpcf7-form-control-wrap\" data-name=\"nome\"><input size=\"40\" class=\"wpcf7-form-control wpcf7-text wpcf7-validates-as-required\" aria-required=\"true\" aria-invalid=\"false\" placeholder=\"Nom*\" value=\"\" type=\"text\" name=\"nome\" \/><\/span>\n<\/p>\n<p><span class=\"wpcf7-form-control-wrap\" data-name=\"email\"><input size=\"40\" class=\"wpcf7-form-control wpcf7-text wpcf7-email wpcf7-validates-as-required wpcf7-validates-as-email\" aria-required=\"true\" aria-invalid=\"false\" placeholder=\"Email*\" value=\"\" type=\"email\" name=\"email\" \/><\/span>\n<\/p>\n<p><br \/>\n<span class=\"wpcf7-form-control-wrap\" data-name=\"messaggio\"><textarea cols=\"40\" rows=\"10\" class=\"wpcf7-form-control wpcf7-textarea\" aria-invalid=\"false\" placeholder=\"Message\" name=\"messaggio\"><\/textarea><\/span>\n<\/p>\n<p><span class=\"wpcf7-form-control-wrap\" data-name=\"acceptance-475\"><span class=\"wpcf7-form-control wpcf7-acceptance\"><span class=\"wpcf7-list-item\"><input type=\"checkbox\" name=\"acceptance-475\" value=\"1\" checked=\"checked\" aria-invalid=\"false\" \/><\/span><\/span><\/span><span style=\"font-size:12px;\">J'accepte le <a href=\"?page_id=20\">traitement de mes donn\u00e9es personnelles<a\/>.<\/a><\/a><\/span>\n<\/p>\n<p><input class=\"wpcf7-form-control has-spinner wpcf7-submit\" type=\"submit\" value=\"Envoyer la demande\" \/>\n<\/p>\n<div class=\"hidden\">\n\t<p><span class=\"wpcf7-form-control-wrap from\"><input name=\"from\" id=\"post_slug\" class=\"wpcf7-form-control wpcf7dtx-dynamictext wpcf7-dynamictext\" size=\"40\" aria-invalid=\"false\" type=\"text\" value=\"come-operiamo\" \/><\/span>\n\t<\/p>\n<\/div><div class=\"wpcf7-response-output\" aria-hidden=\"true\"><\/div>\n<\/form>\n<\/div>\n[\/vc_column][\/vc_row]<\/p>\n<\/section>","protected":false},"excerpt":{"rendered":"<p>[vc_row row_type=\u00a0\u00bbrow\u00a0\u00bb use_row_as_full_screen_section=\u00a0\u00bbno\u00a0\u00bb type=\u00a0\u00bbfull_width\u00a0\u00bb text_align=\u00a0\u00bbleft\u00a0\u00bb background_image=\u00a0\u00bb1568&Prime; box_shadow_on_row=\u00a0\u00bbno\u00a0\u00bb el_class=\u00a0\u00bbnoPad boxTitolo\u00a0\u00bb][vc_column][vc_column_text css=\u00a0\u00bb.vc_custom_1610958728897{padding-top: 70px !important;padding-right: 100px !important;padding-bottom: 70px !important;padding-left: 100px !important;background-image: url(http:\/\/www.plasmet.it\/wp-content\/uploads\/2020\/01\/puntidiforza-bg.jpg?id=792) !important;background-position: center !important;background-repeat: no-repeat !important;background-size: cover !important;}\u00a0\u00bb] NOTRE FONCTIONNEMENT [\/vc_column_text][\/vc_column][\/vc_row][vc_row row_type=\u00a0\u00bbrow\u00a0\u00bb use_row_as_full_screen_section=\u00a0\u00bbno\u00a0\u00bb type=\u00a0\u00bbfull_width\u00a0\u00bb text_align=\u00a0\u00bbleft\u00a0\u00bb box_shadow_on_row=\u00a0\u00bbno\u00a0\u00bb el_class=\u00a0\u00bbnoPad\u00a0\u00bb][vc_column][vc_empty_space image_repeat=\u00a0\u00bbno-repeat\u00a0\u00bb][\/vc_column][\/vc_row][vc_row row_type=\u00a0\u00bbrow\u00a0\u00bb use_row_as_full_screen_section=\u00a0\u00bbno\u00a0\u00bb type=\u00a0\u00bbgrid\u00a0\u00bb text_align=\u00a0\u00bbcenter\u00a0\u00bb box_shadow_on_row=\u00a0\u00bbno\u00a0\u00bb][vc_column width=\u00a0\u00bb1\/2&Prime;][vc_empty_space height=\u00a0\u00bb80px\u00a0\u00bb image_repeat=\u00a0\u00bbno-repeat\u00a0\u00bb][vc_row_inner row_type=\u00a0\u00bbrow\u00a0\u00bb&#8230;<\/p>\n","protected":false},"author":2,"featured_media":0,"parent":0,"menu_order":0,"comment_status":"closed","ping_status":"closed","template":"full_width.php","meta":{"_mi_skip_tracking":false,"_monsterinsights_sitenote_active":false,"_monsterinsights_sitenote_note":"","_monsterinsights_sitenote_category":0},"yoast_head":"<!-- This site is optimized with the Yoast SEO plugin v20.9 - https:\/\/yoast.com\/wordpress\/plugins\/seo\/ -->\n<title>Come Operiamo - Plasmet<\/title>\n<meta name=\"description\" content=\"Puntualit\u00e0 e precisione rappresentano requisiti essenziali della nostra azienda, grazie ai quali riusciamo a rispettare tempi di consegna concordati e soddisfare le aspettative di ogni singolo cliente.\" \/>\n<meta name=\"robots\" content=\"index, nofollow, max-snippet:-1, max-image-preview:large, max-video-preview:-1\" \/>\n<link rel=\"canonical\" href=\"https:\/\/www.plasmet.it\/punti-di-forza\/\" \/>\n<meta property=\"og:locale\" content=\"fr_FR\" \/>\n<meta property=\"og:type\" content=\"article\" \/>\n<meta property=\"og:title\" content=\"Come Operiamo - Plasmet\" \/>\n<meta property=\"og:description\" content=\"Puntualit\u00e0 e precisione rappresentano requisiti essenziali della nostra azienda, grazie ai quali riusciamo a rispettare tempi di consegna concordati e soddisfare le aspettative di ogni singolo cliente.\" \/>\n<meta property=\"og:url\" content=\"https:\/\/www.plasmet.it\/punti-di-forza\/\" \/>\n<meta property=\"og:site_name\" content=\"Plasmet\" \/>\n<meta property=\"article:modified_time\" content=\"2021-01-18T08:32:13+00:00\" \/>\n<meta name=\"twitter:card\" content=\"summary_large_image\" \/>\n<meta name=\"twitter:label1\" content=\"Dur\u00e9e de lecture estim\u00e9e\" \/>\n\t<meta name=\"twitter:data1\" content=\"3 minutes\" \/>\n<script type=\"application\/ld+json\" class=\"yoast-schema-graph\">{\"@context\":\"https:\/\/schema.org\",\"@graph\":[{\"@type\":\"WebPage\",\"@id\":\"https:\/\/www.plasmet.it\/punti-di-forza\/\",\"url\":\"https:\/\/www.plasmet.it\/punti-di-forza\/\",\"name\":\"Come Operiamo - Plasmet\",\"isPartOf\":{\"@id\":\"https:\/\/www.plasmet.it\/#website\"},\"datePublished\":\"2020-12-22T11:09:00+00:00\",\"dateModified\":\"2021-01-18T08:32:13+00:00\",\"description\":\"Puntualit\u00e0 e precisione rappresentano requisiti essenziali della nostra azienda, grazie ai quali riusciamo a rispettare tempi di consegna concordati e soddisfare le aspettative di ogni singolo cliente.\",\"breadcrumb\":{\"@id\":\"https:\/\/www.plasmet.it\/punti-di-forza\/#breadcrumb\"},\"inLanguage\":\"fr-FR\",\"potentialAction\":[{\"@type\":\"ReadAction\",\"target\":[\"https:\/\/www.plasmet.it\/punti-di-forza\/\"]}]},{\"@type\":\"BreadcrumbList\",\"@id\":\"https:\/\/www.plasmet.it\/punti-di-forza\/#breadcrumb\",\"itemListElement\":[{\"@type\":\"ListItem\",\"position\":1,\"name\":\"Home\",\"item\":\"https:\/\/www.plasmet.it\/fr\/\"},{\"@type\":\"ListItem\",\"position\":2,\"name\":\"Notre fonctionnement\"}]},{\"@type\":\"WebSite\",\"@id\":\"https:\/\/www.plasmet.it\/#website\",\"url\":\"https:\/\/www.plasmet.it\/\",\"name\":\"Plasmet\",\"description\":\"\",\"potentialAction\":[{\"@type\":\"SearchAction\",\"target\":{\"@type\":\"EntryPoint\",\"urlTemplate\":\"https:\/\/www.plasmet.it\/?s={search_term_string}\"},\"query-input\":\"required name=search_term_string\"}],\"inLanguage\":\"fr-FR\"}]}<\/script>\n<!-- \/ Yoast SEO plugin. -->","yoast_head_json":{"title":"Come Operiamo - Plasmet","description":"Puntualit\u00e0 e precisione rappresentano requisiti essenziali della nostra azienda, grazie ai quali riusciamo a rispettare tempi di consegna concordati e soddisfare le aspettative di ogni singolo cliente.","robots":{"index":"index","follow":"nofollow","max-snippet":"max-snippet:-1","max-image-preview":"max-image-preview:large","max-video-preview":"max-video-preview:-1"},"canonical":"https:\/\/www.plasmet.it\/punti-di-forza\/","og_locale":"fr_FR","og_type":"article","og_title":"Come Operiamo - Plasmet","og_description":"Puntualit\u00e0 e precisione rappresentano requisiti essenziali della nostra azienda, grazie ai quali riusciamo a rispettare tempi di consegna concordati e soddisfare le aspettative di ogni singolo cliente.","og_url":"https:\/\/www.plasmet.it\/punti-di-forza\/","og_site_name":"Plasmet","article_modified_time":"2021-01-18T08:32:13+00:00","twitter_card":"summary_large_image","twitter_misc":{"Dur\u00e9e de lecture estim\u00e9e":"3 minutes"},"schema":{"@context":"https:\/\/schema.org","@graph":[{"@type":"WebPage","@id":"https:\/\/www.plasmet.it\/punti-di-forza\/","url":"https:\/\/www.plasmet.it\/punti-di-forza\/","name":"Come Operiamo - Plasmet","isPartOf":{"@id":"https:\/\/www.plasmet.it\/#website"},"datePublished":"2020-12-22T11:09:00+00:00","dateModified":"2021-01-18T08:32:13+00:00","description":"Puntualit\u00e0 e precisione rappresentano requisiti essenziali della nostra azienda, grazie ai quali riusciamo a rispettare tempi di consegna concordati e soddisfare le aspettative di ogni singolo cliente.","breadcrumb":{"@id":"https:\/\/www.plasmet.it\/punti-di-forza\/#breadcrumb"},"inLanguage":"fr-FR","potentialAction":[{"@type":"ReadAction","target":["https:\/\/www.plasmet.it\/punti-di-forza\/"]}]},{"@type":"BreadcrumbList","@id":"https:\/\/www.plasmet.it\/punti-di-forza\/#breadcrumb","itemListElement":[{"@type":"ListItem","position":1,"name":"Home","item":"https:\/\/www.plasmet.it\/fr\/"},{"@type":"ListItem","position":2,"name":"Notre fonctionnement"}]},{"@type":"WebSite","@id":"https:\/\/www.plasmet.it\/#website","url":"https:\/\/www.plasmet.it\/","name":"Plasmet","description":"","potentialAction":[{"@type":"SearchAction","target":{"@type":"EntryPoint","urlTemplate":"https:\/\/www.plasmet.it\/?s={search_term_string}"},"query-input":"required name=search_term_string"}],"inLanguage":"fr-FR"}]}},"_links":{"self":[{"href":"https:\/\/www.plasmet.it\/fr\/wp-json\/wp\/v2\/pages\/1146"}],"collection":[{"href":"https:\/\/www.plasmet.it\/fr\/wp-json\/wp\/v2\/pages"}],"about":[{"href":"https:\/\/www.plasmet.it\/fr\/wp-json\/wp\/v2\/types\/page"}],"author":[{"embeddable":true,"href":"https:\/\/www.plasmet.it\/fr\/wp-json\/wp\/v2\/users\/2"}],"replies":[{"embeddable":true,"href":"https:\/\/www.plasmet.it\/fr\/wp-json\/wp\/v2\/comments?post=1146"}],"version-history":[{"count":8,"href":"https:\/\/www.plasmet.it\/fr\/wp-json\/wp\/v2\/pages\/1146\/revisions"}],"predecessor-version":[{"id":1614,"href":"https:\/\/www.plasmet.it\/fr\/wp-json\/wp\/v2\/pages\/1146\/revisions\/1614"}],"wp:attachment":[{"href":"https:\/\/www.plasmet.it\/fr\/wp-json\/wp\/v2\/media?parent=1146"}],"curies":[{"name":"wp","href":"https:\/\/api.w.org\/{rel}","templated":true}]}}