{"id":1149,"date":"2020-12-22T12:15:55","date_gmt":"2020-12-22T11:15:55","guid":{"rendered":"http:\/\/www.plasmet.it\/?page_id=1149"},"modified":"2021-01-18T09:29:33","modified_gmt":"2021-01-18T08:29:33","slug":"les-certifications","status":"publish","type":"page","link":"https:\/\/www.plasmet.it\/fr\/les-certifications\/","title":{"rendered":"Les certifications"},"content":{"rendered":"<section class=\"wpb-content-wrapper\"><p>[vc_row row_type=\u00a0\u00bbrow\u00a0\u00bb use_row_as_full_screen_section=\u00a0\u00bbno\u00a0\u00bb type=\u00a0\u00bbfull_width\u00a0\u00bb text_align=\u00a0\u00bbcenter\u00a0\u00bb background_image=\u00a0\u00bb1515&Prime; padding_top=\u00a0\u00bb0&Prime; padding_bottom=\u00a0\u00bb0&Prime; box_shadow_on_row=\u00a0\u00bbno\u00a0\u00bb el_class=\u00a0\u00bbnoPad boxTitolo\u00a0\u00bb][vc_column][vc_column_text css=\u00a0\u00bb.vc_custom_1610958554528{padding-top: 70px !important;padding-right: 100px !important;padding-bottom: 70px !important;padding-left: 100px !important;background-image: url(http:\/\/www.plasmet.it\/wp-content\/uploads\/2020\/01\/cop_certificazioni-bg.jpg?id=796) !important;background-position: center !important;background-repeat: no-repeat !important;background-size: cover !important;}\u00a0\u00bb]<\/p>\n<h1 style=\"text-align: center;\">LES CERTIFICATIONS<\/h1>\n<p>[\/vc_column_text][\/vc_column][\/vc_row][vc_row row_type=\u00a0\u00bbrow\u00a0\u00bb use_row_as_full_screen_section=\u00a0\u00bbno\u00a0\u00bb type=\u00a0\u00bbgrid\u00a0\u00bb text_align=\u00a0\u00bbleft\u00a0\u00bb box_shadow_on_row=\u00a0\u00bbno\u00a0\u00bb][vc_column width=\u00a0\u00bb1\/6&Prime;][\/vc_column][vc_column width=\u00a0\u00bb2\/3&Prime;][vc_empty_space image_repeat=\u00a0\u00bbno-repeat\u00a0\u00bb][vc_column_text]<\/p>\n<p style=\"text-align: center;\">Plasmet a obtenu la <strong>Certification d\u2019entreprise le 26 avril 2018<\/strong>.<\/p>\n<p>Les objectifs principaux de la politique d\u2019entreprise en fonction de la qualit\u00e9 sont de proposer des produits et des services qui soient coh\u00e9rents avec les exigences et les caract\u00e9ristiques de l\u2019organisation des clients, tout en maintenant des <strong>normes de qualit\u00e9 \u00e9lev\u00e9es<\/strong> qui ont depuis toujours distingu\u00e9 notre production.<\/p>\n<p>Plasmet a adopt\u00e9 et d\u00e9velopp\u00e9 en interne un syst\u00e8me de management int\u00e9gr\u00e9 de la qualit\u00e9, conforme aux normes\u00a0<strong>UN EN ISO<\/strong> <strong>9001:2008<\/strong>.<br \/>\nLes usinages effectu\u00e9s sont v\u00e9rifi\u00e9s soigneusement \u00e0 tous les stades du cycle de production (depuis la r\u00e9ception du mat\u00e9riel jusqu&rsquo;\u00e0 son exp\u00e9dition), comme pr\u00e9vu par la Certification du syst\u00e8me de management de la qualit\u00e9 obtenue le 26 avril 2018 conform\u00e9ment \u00e0 la norme: <strong>UN EN ISO 9001: 2018 TUV ACCCREDIA<\/strong>.<\/p>\n<p>[\/vc_column_text][vc_empty_space height=\u00a0\u00bb52px\u00a0\u00bb image_repeat=\u00a0\u00bbno-repeat\u00a0\u00bb][vc_single_image image=\u00a0\u00bb242&Prime; img_size=\u00a0\u00bbfull\u00a0\u00bb alignment=\u00a0\u00bbcenter\u00a0\u00bb hover_animation=\u00a0\u00bbno\u00a0\u00bb][vc_empty_space image_repeat=\u00a0\u00bbno-repeat\u00a0\u00bb][\/vc_column][vc_column width=\u00a0\u00bb1\/6&Prime;][\/vc_column][\/vc_row][vc_row row_type=\u00a0\u00bbrow\u00a0\u00bb use_row_as_full_screen_section=\u00a0\u00bbno\u00a0\u00bb type=\u00a0\u00bbgrid\u00a0\u00bb text_align=\u00a0\u00bbleft\u00a0\u00bb box_shadow_on_row=\u00a0\u00bbno\u00a0\u00bb el_class=\u00a0\u00bbbgGrey\u00a0\u00bb][vc_column][vc_column_text]<\/p>\n<h3>Nous contacter pour des informations<\/h3>\n<p>[\/vc_column_text][vc_separator type=\u00a0\u00bbnormal\u00a0\u00bb up_style=\u00a0\u00bbpx\u00a0\u00bb down_style=\u00a0\u00bbpx\u00a0\u00bb]\n<div class=\"wpcf7 no-js\" id=\"wpcf7-f1253-o1\" lang=\"it-IT\" dir=\"ltr\">\n<div class=\"screen-reader-response\"><p role=\"status\" aria-live=\"polite\" aria-atomic=\"true\"><\/p> <ul><\/ul><\/div>\n<form action=\"\/fr\/wp-json\/wp\/v2\/pages\/1149#wpcf7-f1253-o1\" method=\"post\" class=\"wpcf7-form init cf7_custom_style_1\" aria-label=\"Modulo di contatto\" novalidate=\"novalidate\" data-status=\"init\">\n<div style=\"display: none;\">\n<input type=\"hidden\" name=\"_wpcf7\" value=\"1253\" \/>\n<input type=\"hidden\" name=\"_wpcf7_version\" value=\"5.7.7\" \/>\n<input type=\"hidden\" name=\"_wpcf7_locale\" value=\"it_IT\" \/>\n<input type=\"hidden\" name=\"_wpcf7_unit_tag\" value=\"wpcf7-f1253-o1\" \/>\n<input type=\"hidden\" name=\"_wpcf7_container_post\" value=\"0\" \/>\n<input type=\"hidden\" name=\"_wpcf7_posted_data_hash\" value=\"\" \/>\n<\/div>\n<p><span class=\"wpcf7-form-control-wrap\" data-name=\"nome\"><input size=\"40\" class=\"wpcf7-form-control wpcf7-text wpcf7-validates-as-required\" aria-required=\"true\" aria-invalid=\"false\" placeholder=\"Nom*\" value=\"\" type=\"text\" name=\"nome\" \/><\/span>\n<\/p>\n<p><span class=\"wpcf7-form-control-wrap\" data-name=\"email\"><input size=\"40\" class=\"wpcf7-form-control wpcf7-text wpcf7-email wpcf7-validates-as-required wpcf7-validates-as-email\" aria-required=\"true\" aria-invalid=\"false\" placeholder=\"Email*\" value=\"\" type=\"email\" name=\"email\" \/><\/span>\n<\/p>\n<p><br \/>\n<span class=\"wpcf7-form-control-wrap\" data-name=\"messaggio\"><textarea cols=\"40\" rows=\"10\" class=\"wpcf7-form-control wpcf7-textarea\" aria-invalid=\"false\" placeholder=\"Message\" name=\"messaggio\"><\/textarea><\/span>\n<\/p>\n<p><span class=\"wpcf7-form-control-wrap\" data-name=\"acceptance-475\"><span class=\"wpcf7-form-control wpcf7-acceptance\"><span class=\"wpcf7-list-item\"><input type=\"checkbox\" name=\"acceptance-475\" value=\"1\" checked=\"checked\" aria-invalid=\"false\" \/><\/span><\/span><\/span><span style=\"font-size:12px;\">J'accepte le <a href=\"?page_id=20\">traitement de mes donn\u00e9es personnelles<a\/>.<\/a><\/a><\/span>\n<\/p>\n<p><input class=\"wpcf7-form-control has-spinner wpcf7-submit\" type=\"submit\" value=\"Envoyer la demande\" \/>\n<\/p>\n<div class=\"hidden\">\n\t<p><span class=\"wpcf7-form-control-wrap from\"><input name=\"from\" id=\"post_slug\" class=\"wpcf7-form-control wpcf7dtx-dynamictext wpcf7-dynamictext\" size=\"40\" aria-invalid=\"false\" type=\"text\" value=\"les-certifications\" \/><\/span>\n\t<\/p>\n<\/div><div class=\"wpcf7-response-output\" aria-hidden=\"true\"><\/div>\n<\/form>\n<\/div>\n[\/vc_column][\/vc_row]<\/p>\n<\/section>","protected":false},"excerpt":{"rendered":"<p>[vc_row row_type=\u00a0\u00bbrow\u00a0\u00bb use_row_as_full_screen_section=\u00a0\u00bbno\u00a0\u00bb type=\u00a0\u00bbfull_width\u00a0\u00bb text_align=\u00a0\u00bbcenter\u00a0\u00bb background_image=\u00a0\u00bb1515&Prime; padding_top=\u00a0\u00bb0&Prime; padding_bottom=\u00a0\u00bb0&Prime; box_shadow_on_row=\u00a0\u00bbno\u00a0\u00bb el_class=\u00a0\u00bbnoPad boxTitolo\u00a0\u00bb][vc_column][vc_column_text css=\u00a0\u00bb.vc_custom_1610958554528{padding-top: 70px !important;padding-right: 100px !important;padding-bottom: 70px !important;padding-left: 100px !important;background-image: url(http:\/\/www.plasmet.it\/wp-content\/uploads\/2020\/01\/cop_certificazioni-bg.jpg?id=796) !important;background-position: center !important;background-repeat: no-repeat !important;background-size: cover !important;}\u00a0\u00bb] LES CERTIFICATIONS [\/vc_column_text][\/vc_column][\/vc_row][vc_row row_type=\u00a0\u00bbrow\u00a0\u00bb use_row_as_full_screen_section=\u00a0\u00bbno\u00a0\u00bb type=\u00a0\u00bbgrid\u00a0\u00bb text_align=\u00a0\u00bbleft\u00a0\u00bb box_shadow_on_row=\u00a0\u00bbno\u00a0\u00bb][vc_column width=\u00a0\u00bb1\/6&Prime;][\/vc_column][vc_column width=\u00a0\u00bb2\/3&Prime;][vc_empty_space image_repeat=\u00a0\u00bbno-repeat\u00a0\u00bb][vc_column_text] Plasmet a obtenu la Certification d\u2019entreprise&#8230;<\/p>\n","protected":false},"author":2,"featured_media":0,"parent":0,"menu_order":0,"comment_status":"closed","ping_status":"closed","template":"full_width.php","meta":{"_mi_skip_tracking":false,"_monsterinsights_sitenote_active":false,"_monsterinsights_sitenote_note":"","_monsterinsights_sitenote_category":0},"yoast_head":"<!-- This site is optimized with the Yoast SEO plugin v20.9 - https:\/\/yoast.com\/wordpress\/plugins\/seo\/ -->\n<title>Les certifications - Plasmet<\/title>\n<meta name=\"robots\" content=\"index, follow, max-snippet:-1, max-image-preview:large, max-video-preview:-1\" \/>\n<link rel=\"canonical\" href=\"https:\/\/www.plasmet.it\/certificazioni\/\" \/>\n<meta property=\"og:locale\" content=\"fr_FR\" \/>\n<meta property=\"og:type\" content=\"article\" \/>\n<meta property=\"og:title\" content=\"Les certifications - Plasmet\" \/>\n<meta property=\"og:description\" content=\"[vc_row row_type=\u00a0\u00bbrow\u00a0\u00bb use_row_as_full_screen_section=\u00a0\u00bbno\u00a0\u00bb type=\u00a0\u00bbfull_width\u00a0\u00bb text_align=\u00a0\u00bbcenter\u00a0\u00bb background_image=\u00a0\u00bb1515&Prime; padding_top=\u00a0\u00bb0&Prime; padding_bottom=\u00a0\u00bb0&Prime; box_shadow_on_row=\u00a0\u00bbno\u00a0\u00bb el_class=\u00a0\u00bbnoPad boxTitolo\u00a0\u00bb][vc_column][vc_column_text css=\u00a0\u00bb.vc_custom_1610958554528{padding-top: 70px !important;padding-right: 100px !important;padding-bottom: 70px !important;padding-left: 100px !important;background-image: url(http:\/\/www.plasmet.it\/wp-content\/uploads\/2020\/01\/cop_certificazioni-bg.jpg?id=796) !important;background-position: center !important;background-repeat: no-repeat !important;background-size: cover !important;}\u00a0\u00bb] LES CERTIFICATIONS [\/vc_column_text][\/vc_column][\/vc_row][vc_row row_type=\u00a0\u00bbrow\u00a0\u00bb use_row_as_full_screen_section=\u00a0\u00bbno\u00a0\u00bb type=\u00a0\u00bbgrid\u00a0\u00bb text_align=\u00a0\u00bbleft\u00a0\u00bb box_shadow_on_row=\u00a0\u00bbno\u00a0\u00bb][vc_column width=\u00a0\u00bb1\/6&Prime;][\/vc_column][vc_column width=\u00a0\u00bb2\/3&Prime;][vc_empty_space image_repeat=\u00a0\u00bbno-repeat\u00a0\u00bb][vc_column_text] Plasmet a obtenu la Certification d\u2019entreprise...\" \/>\n<meta property=\"og:url\" content=\"https:\/\/www.plasmet.it\/certificazioni\/\" \/>\n<meta property=\"og:site_name\" content=\"Plasmet\" \/>\n<meta property=\"article:modified_time\" content=\"2021-01-18T08:29:33+00:00\" \/>\n<meta name=\"twitter:card\" content=\"summary_large_image\" \/>\n<meta name=\"twitter:label1\" content=\"Dur\u00e9e de lecture estim\u00e9e\" \/>\n\t<meta name=\"twitter:data1\" content=\"2 minutes\" \/>\n<script type=\"application\/ld+json\" class=\"yoast-schema-graph\">{\"@context\":\"https:\/\/schema.org\",\"@graph\":[{\"@type\":\"WebPage\",\"@id\":\"https:\/\/www.plasmet.it\/certificazioni\/\",\"url\":\"https:\/\/www.plasmet.it\/certificazioni\/\",\"name\":\"Les certifications - Plasmet\",\"isPartOf\":{\"@id\":\"https:\/\/www.plasmet.it\/#website\"},\"datePublished\":\"2020-12-22T11:15:55+00:00\",\"dateModified\":\"2021-01-18T08:29:33+00:00\",\"breadcrumb\":{\"@id\":\"https:\/\/www.plasmet.it\/certificazioni\/#breadcrumb\"},\"inLanguage\":\"fr-FR\",\"potentialAction\":[{\"@type\":\"ReadAction\",\"target\":[\"https:\/\/www.plasmet.it\/certificazioni\/\"]}]},{\"@type\":\"BreadcrumbList\",\"@id\":\"https:\/\/www.plasmet.it\/certificazioni\/#breadcrumb\",\"itemListElement\":[{\"@type\":\"ListItem\",\"position\":1,\"name\":\"Home\",\"item\":\"https:\/\/www.plasmet.it\/fr\/\"},{\"@type\":\"ListItem\",\"position\":2,\"name\":\"Les certifications\"}]},{\"@type\":\"WebSite\",\"@id\":\"https:\/\/www.plasmet.it\/#website\",\"url\":\"https:\/\/www.plasmet.it\/\",\"name\":\"Plasmet\",\"description\":\"\",\"potentialAction\":[{\"@type\":\"SearchAction\",\"target\":{\"@type\":\"EntryPoint\",\"urlTemplate\":\"https:\/\/www.plasmet.it\/?s={search_term_string}\"},\"query-input\":\"required name=search_term_string\"}],\"inLanguage\":\"fr-FR\"}]}<\/script>\n<!-- \/ Yoast SEO plugin. -->","yoast_head_json":{"title":"Les certifications - Plasmet","robots":{"index":"index","follow":"follow","max-snippet":"max-snippet:-1","max-image-preview":"max-image-preview:large","max-video-preview":"max-video-preview:-1"},"canonical":"https:\/\/www.plasmet.it\/certificazioni\/","og_locale":"fr_FR","og_type":"article","og_title":"Les certifications - Plasmet","og_description":"[vc_row row_type=\u00a0\u00bbrow\u00a0\u00bb use_row_as_full_screen_section=\u00a0\u00bbno\u00a0\u00bb type=\u00a0\u00bbfull_width\u00a0\u00bb text_align=\u00a0\u00bbcenter\u00a0\u00bb background_image=\u00a0\u00bb1515&Prime; padding_top=\u00a0\u00bb0&Prime; padding_bottom=\u00a0\u00bb0&Prime; box_shadow_on_row=\u00a0\u00bbno\u00a0\u00bb el_class=\u00a0\u00bbnoPad boxTitolo\u00a0\u00bb][vc_column][vc_column_text css=\u00a0\u00bb.vc_custom_1610958554528{padding-top: 70px !important;padding-right: 100px !important;padding-bottom: 70px !important;padding-left: 100px !important;background-image: url(http:\/\/www.plasmet.it\/wp-content\/uploads\/2020\/01\/cop_certificazioni-bg.jpg?id=796) !important;background-position: center !important;background-repeat: no-repeat !important;background-size: cover !important;}\u00a0\u00bb] LES CERTIFICATIONS [\/vc_column_text][\/vc_column][\/vc_row][vc_row row_type=\u00a0\u00bbrow\u00a0\u00bb use_row_as_full_screen_section=\u00a0\u00bbno\u00a0\u00bb type=\u00a0\u00bbgrid\u00a0\u00bb text_align=\u00a0\u00bbleft\u00a0\u00bb box_shadow_on_row=\u00a0\u00bbno\u00a0\u00bb][vc_column width=\u00a0\u00bb1\/6&Prime;][\/vc_column][vc_column width=\u00a0\u00bb2\/3&Prime;][vc_empty_space image_repeat=\u00a0\u00bbno-repeat\u00a0\u00bb][vc_column_text] Plasmet a obtenu la Certification d\u2019entreprise...","og_url":"https:\/\/www.plasmet.it\/certificazioni\/","og_site_name":"Plasmet","article_modified_time":"2021-01-18T08:29:33+00:00","twitter_card":"summary_large_image","twitter_misc":{"Dur\u00e9e de lecture estim\u00e9e":"2 minutes"},"schema":{"@context":"https:\/\/schema.org","@graph":[{"@type":"WebPage","@id":"https:\/\/www.plasmet.it\/certificazioni\/","url":"https:\/\/www.plasmet.it\/certificazioni\/","name":"Les certifications - Plasmet","isPartOf":{"@id":"https:\/\/www.plasmet.it\/#website"},"datePublished":"2020-12-22T11:15:55+00:00","dateModified":"2021-01-18T08:29:33+00:00","breadcrumb":{"@id":"https:\/\/www.plasmet.it\/certificazioni\/#breadcrumb"},"inLanguage":"fr-FR","potentialAction":[{"@type":"ReadAction","target":["https:\/\/www.plasmet.it\/certificazioni\/"]}]},{"@type":"BreadcrumbList","@id":"https:\/\/www.plasmet.it\/certificazioni\/#breadcrumb","itemListElement":[{"@type":"ListItem","position":1,"name":"Home","item":"https:\/\/www.plasmet.it\/fr\/"},{"@type":"ListItem","position":2,"name":"Les certifications"}]},{"@type":"WebSite","@id":"https:\/\/www.plasmet.it\/#website","url":"https:\/\/www.plasmet.it\/","name":"Plasmet","description":"","potentialAction":[{"@type":"SearchAction","target":{"@type":"EntryPoint","urlTemplate":"https:\/\/www.plasmet.it\/?s={search_term_string}"},"query-input":"required name=search_term_string"}],"inLanguage":"fr-FR"}]}},"_links":{"self":[{"href":"https:\/\/www.plasmet.it\/fr\/wp-json\/wp\/v2\/pages\/1149"}],"collection":[{"href":"https:\/\/www.plasmet.it\/fr\/wp-json\/wp\/v2\/pages"}],"about":[{"href":"https:\/\/www.plasmet.it\/fr\/wp-json\/wp\/v2\/types\/page"}],"author":[{"embeddable":true,"href":"https:\/\/www.plasmet.it\/fr\/wp-json\/wp\/v2\/users\/2"}],"replies":[{"embeddable":true,"href":"https:\/\/www.plasmet.it\/fr\/wp-json\/wp\/v2\/comments?post=1149"}],"version-history":[{"count":5,"href":"https:\/\/www.plasmet.it\/fr\/wp-json\/wp\/v2\/pages\/1149\/revisions"}],"predecessor-version":[{"id":1608,"href":"https:\/\/www.plasmet.it\/fr\/wp-json\/wp\/v2\/pages\/1149\/revisions\/1608"}],"wp:attachment":[{"href":"https:\/\/www.plasmet.it\/fr\/wp-json\/wp\/v2\/media?parent=1149"}],"curies":[{"name":"wp","href":"https:\/\/api.w.org\/{rel}","templated":true}]}}