{"id":1157,"date":"2020-12-22T12:33:32","date_gmt":"2020-12-22T11:33:32","guid":{"rendered":"http:\/\/www.plasmet.it\/?page_id=1157"},"modified":"2020-12-23T17:15:53","modified_gmt":"2020-12-23T16:15:53","slug":"metallisation","status":"publish","type":"page","link":"https:\/\/www.plasmet.it\/fr\/metallisation\/","title":{"rendered":"M\u00e9tallisation"},"content":{"rendered":"<section class=\"wpb-content-wrapper\"><p>[vc_row row_type=\u00a0\u00bbrow\u00a0\u00bb use_row_as_full_screen_section=\u00a0\u00bbno\u00a0\u00bb type=\u00a0\u00bbfull_width\u00a0\u00bb text_align=\u00a0\u00bbleft\u00a0\u00bb padding_top=\u00a0\u00bb0&Prime; padding_bottom=\u00a0\u00bb0&Prime; box_shadow_on_row=\u00a0\u00bbno\u00a0\u00bb el_class=\u00a0\u00bbnoPad\u00a0\u00bb][vc_column][vc_column_text css=\u00a0\u00bb.vc_custom_1608740140024{padding-top: 70px !important;padding-right: 100px !important;padding-bottom: 70px !important;padding-left: 100px !important;background-image: url(http:\/\/www.plasmet.it\/wp-content\/uploads\/2020\/01\/metal-cop-bg.jpg?id=801) !important;background-position: center !important;background-repeat: no-repeat !important;background-size: cover !important;}\u00a0\u00bb]<\/p>\n<h1 style=\"text-align: center;\"><span style=\"color: #ffffff;\">M\u00c9TALLISATION<\/span><\/h1>\n<p>[\/vc_column_text][vc_empty_space height=\u00a0\u00bb20px\u00a0\u00bb image_repeat=\u00a0\u00bbno-repeat\u00a0\u00bb][\/vc_column][\/vc_row][vc_row row_type=\u00a0\u00bbrow\u00a0\u00bb use_row_as_full_screen_section=\u00a0\u00bbno\u00a0\u00bb type=\u00a0\u00bbgrid\u00a0\u00bb text_align=\u00a0\u00bbleft\u00a0\u00bb box_shadow_on_row=\u00a0\u00bbno\u00a0\u00bb][vc_column width=\u00a0\u00bb1\/2&Prime;][vc_column_text]<\/p>\n<h4 style=\"text-align: center;\">M\u00c9TALLISATION: <strong>TRADITIONNELLE, BRILLANTE ET MATE<\/strong><\/h4>\n<p>[\/vc_column_text][vc_empty_space height=\u00a0\u00bb20px\u00a0\u00bb image_repeat=\u00a0\u00bbno-repeat\u00a0\u00bb][vc_column_text]<\/p>\n<p style=\"text-align: center;\">Gold | Silver | Color\u00e9 et sur demande nuancier Pantone<\/p>\n<p style=\"text-align: center;\">Nous sommes en mesure de r\u00e9aliser avec le traitement P.V.D. plusieurs teintes de base obtenues avec des alliages diff\u00e9rents.<\/p>\n<p style=\"text-align: center;\">Les <strong>tonalit\u00e9s infinies de couleur<\/strong> sont ensuite obtenues dans la phase de peinture apr\u00e8s m\u00e9tallisation. Le rev\u00eatement choisi est subordonn\u00e9 aux exigences physiques\/chimiques requises par le client (abrasion-r\u00e9sistance \u00e0 l\u2019alcool, essences et parfums).<\/p>\n<p>[\/vc_column_text][\/vc_column][vc_column width=\u00a0\u00bb1\/2&Prime;][vc_column_text]<\/p>\n<h4 style=\"text-align: center;\">TYPE DE PI\u00c8CE POUVANT \u00caTRE TRAIT\u00c9E DANS LES FINITIONS STANDARD<\/h4>\n<p>[\/vc_column_text][vc_empty_space height=\u00a0\u00bb20px\u00a0\u00bb image_repeat=\u00a0\u00bbno-repeat\u00a0\u00bb][vc_column_text]<\/p>\n<p style=\"text-align: center;\">Diam\u00e8tre: 5 \u2013 120 mm<br \/>\nHauteur: 5 \u2013 140 mm<\/p>\n<p style=\"text-align: center;\">Capacit\u00e9s de production (r\u00e9f. 1 quart journalier)<\/p>\n<p style=\"text-align: center;\">M\u00e9tallisation des pi\u00e8ces en dimensions standard : 150 000 pi\u00e8ces\/jour<\/p>\n<p>[\/vc_column_text][\/vc_column][\/vc_row][vc_row row_type=\u00a0\u00bbrow\u00a0\u00bb use_row_as_full_screen_section=\u00a0\u00bbno\u00a0\u00bb type=\u00a0\u00bbgrid\u00a0\u00bb text_align=\u00a0\u00bbleft\u00a0\u00bb padding_top=\u00a0\u00bb15&Prime; padding_bottom=\u00a0\u00bb15&Prime; box_shadow_on_row=\u00a0\u00bbno\u00a0\u00bb][vc_column width=\u00a0\u00bb1\/3&Prime;][vc_single_image image=\u00a0\u00bb1018&Prime; img_size=\u00a0\u00bbfull\u00a0\u00bb alignment=\u00a0\u00bbcenter\u00a0\u00bb style=\u00a0\u00bbvc_box_outline\u00a0\u00bb border_color=\u00a0\u00bbblack\u00a0\u00bb onclick=\u00a0\u00bblink_image\u00a0\u00bb hover_animation=\u00a0\u00bbno\u00a0\u00bb][\/vc_column][vc_column width=\u00a0\u00bb1\/3&Prime;][vc_single_image image=\u00a0\u00bb1017&Prime; img_size=\u00a0\u00bbfull\u00a0\u00bb alignment=\u00a0\u00bbcenter\u00a0\u00bb style=\u00a0\u00bbvc_box_outline\u00a0\u00bb border_color=\u00a0\u00bbblack\u00a0\u00bb onclick=\u00a0\u00bblink_image\u00a0\u00bb hover_animation=\u00a0\u00bbno\u00a0\u00bb][\/vc_column][vc_column width=\u00a0\u00bb1\/3&Prime;][vc_single_image image=\u00a0\u00bb1015&Prime; img_size=\u00a0\u00bbfull\u00a0\u00bb alignment=\u00a0\u00bbcenter\u00a0\u00bb style=\u00a0\u00bbvc_box_outline\u00a0\u00bb border_color=\u00a0\u00bbblack\u00a0\u00bb onclick=\u00a0\u00bblink_image\u00a0\u00bb hover_animation=\u00a0\u00bbno\u00a0\u00bb][\/vc_column][\/vc_row][vc_row row_type=\u00a0\u00bbrow\u00a0\u00bb use_row_as_full_screen_section=\u00a0\u00bbno\u00a0\u00bb type=\u00a0\u00bbgrid\u00a0\u00bb text_align=\u00a0\u00bbleft\u00a0\u00bb padding_top=\u00a0\u00bb15&Prime; padding_bottom=\u00a0\u00bb15&Prime; box_shadow_on_row=\u00a0\u00bbno\u00a0\u00bb][vc_column width=\u00a0\u00bb1\/3&Prime;][vc_single_image image=\u00a0\u00bb1014&Prime; img_size=\u00a0\u00bbfull\u00a0\u00bb alignment=\u00a0\u00bbcenter\u00a0\u00bb style=\u00a0\u00bbvc_box_outline\u00a0\u00bb border_color=\u00a0\u00bbblack\u00a0\u00bb onclick=\u00a0\u00bblink_image\u00a0\u00bb hover_animation=\u00a0\u00bbno\u00a0\u00bb][\/vc_column][vc_column width=\u00a0\u00bb1\/3&Prime;][vc_single_image image=\u00a0\u00bb979&Prime; img_size=\u00a0\u00bbmedium\u00a0\u00bb alignment=\u00a0\u00bbcenter\u00a0\u00bb style=\u00a0\u00bbvc_box_outline\u00a0\u00bb border_color=\u00a0\u00bbblack\u00a0\u00bb onclick=\u00a0\u00bblink_image\u00a0\u00bb hover_animation=\u00a0\u00bbno\u00a0\u00bb][\/vc_column][vc_column width=\u00a0\u00bb1\/3&Prime;][vc_single_image image=\u00a0\u00bb965&Prime; img_size=\u00a0\u00bb1000&#215;700&Prime; alignment=\u00a0\u00bbcenter\u00a0\u00bb style=\u00a0\u00bbvc_box_outline\u00a0\u00bb border_color=\u00a0\u00bbblack\u00a0\u00bb onclick=\u00a0\u00bblink_image\u00a0\u00bb hover_animation=\u00a0\u00bbno\u00a0\u00bb][\/vc_column][\/vc_row][vc_row row_type=\u00a0\u00bbrow\u00a0\u00bb use_row_as_full_screen_section=\u00a0\u00bbno\u00a0\u00bb type=\u00a0\u00bbgrid\u00a0\u00bb text_align=\u00a0\u00bbleft\u00a0\u00bb padding_top=\u00a0\u00bb15&Prime; padding_bottom=\u00a0\u00bb15&Prime; box_shadow_on_row=\u00a0\u00bbno\u00a0\u00bb][vc_column width=\u00a0\u00bb1\/3&Prime;][vc_single_image image=\u00a0\u00bb964&Prime; img_size=\u00a0\u00bb1000X700&Prime; alignment=\u00a0\u00bbcenter\u00a0\u00bb style=\u00a0\u00bbvc_box_outline\u00a0\u00bb border_color=\u00a0\u00bbblack\u00a0\u00bb onclick=\u00a0\u00bblink_image\u00a0\u00bb hover_animation=\u00a0\u00bbno\u00a0\u00bb][\/vc_column][vc_column width=\u00a0\u00bb1\/3&Prime;][vc_single_image image=\u00a0\u00bb963&Prime; img_size=\u00a0\u00bb1000X700&Prime; alignment=\u00a0\u00bbcenter\u00a0\u00bb style=\u00a0\u00bbvc_box_outline\u00a0\u00bb border_color=\u00a0\u00bbblack\u00a0\u00bb onclick=\u00a0\u00bblink_image\u00a0\u00bb hover_animation=\u00a0\u00bbno\u00a0\u00bb][\/vc_column][vc_column width=\u00a0\u00bb1\/3&Prime;][vc_single_image image=\u00a0\u00bb975&Prime; img_size=\u00a0\u00bb1000X700&Prime; alignment=\u00a0\u00bbcenter\u00a0\u00bb style=\u00a0\u00bbvc_box_outline\u00a0\u00bb border_color=\u00a0\u00bbblack\u00a0\u00bb onclick=\u00a0\u00bblink_image\u00a0\u00bb hover_animation=\u00a0\u00bbno\u00a0\u00bb][\/vc_column][\/vc_row][vc_row row_type=\u00a0\u00bbrow\u00a0\u00bb use_row_as_full_screen_section=\u00a0\u00bbno\u00a0\u00bb type=\u00a0\u00bbgrid\u00a0\u00bb text_align=\u00a0\u00bbleft\u00a0\u00bb box_shadow_on_row=\u00a0\u00bbno\u00a0\u00bb el_class=\u00a0\u00bbbgGrey\u00a0\u00bb][vc_column][vc_column_text]<\/p>\n<h3>Nous contacter pour des informations<\/h3>\n<p>[\/vc_column_text][vc_separator type=\u00a0\u00bbnormal\u00a0\u00bb up_style=\u00a0\u00bbpx\u00a0\u00bb down_style=\u00a0\u00bbpx\u00a0\u00bb]\n<div class=\"wpcf7 no-js\" id=\"wpcf7-f1253-o1\" lang=\"it-IT\" dir=\"ltr\">\n<div class=\"screen-reader-response\"><p role=\"status\" aria-live=\"polite\" aria-atomic=\"true\"><\/p> <ul><\/ul><\/div>\n<form action=\"\/fr\/wp-json\/wp\/v2\/pages\/1157#wpcf7-f1253-o1\" method=\"post\" class=\"wpcf7-form init cf7_custom_style_1\" aria-label=\"Modulo di contatto\" novalidate=\"novalidate\" data-status=\"init\">\n<div style=\"display: none;\">\n<input type=\"hidden\" name=\"_wpcf7\" value=\"1253\" \/>\n<input type=\"hidden\" name=\"_wpcf7_version\" value=\"5.7.7\" \/>\n<input type=\"hidden\" name=\"_wpcf7_locale\" value=\"it_IT\" \/>\n<input type=\"hidden\" name=\"_wpcf7_unit_tag\" value=\"wpcf7-f1253-o1\" \/>\n<input type=\"hidden\" name=\"_wpcf7_container_post\" value=\"0\" \/>\n<input type=\"hidden\" name=\"_wpcf7_posted_data_hash\" value=\"\" \/>\n<\/div>\n<p><span class=\"wpcf7-form-control-wrap\" data-name=\"nome\"><input size=\"40\" class=\"wpcf7-form-control wpcf7-text wpcf7-validates-as-required\" aria-required=\"true\" aria-invalid=\"false\" placeholder=\"Nom*\" value=\"\" type=\"text\" name=\"nome\" \/><\/span>\n<\/p>\n<p><span class=\"wpcf7-form-control-wrap\" data-name=\"email\"><input size=\"40\" class=\"wpcf7-form-control wpcf7-text wpcf7-email wpcf7-validates-as-required wpcf7-validates-as-email\" aria-required=\"true\" aria-invalid=\"false\" placeholder=\"Email*\" value=\"\" type=\"email\" name=\"email\" \/><\/span>\n<\/p>\n<p><br \/>\n<span class=\"wpcf7-form-control-wrap\" data-name=\"messaggio\"><textarea cols=\"40\" rows=\"10\" class=\"wpcf7-form-control wpcf7-textarea\" aria-invalid=\"false\" placeholder=\"Message\" name=\"messaggio\"><\/textarea><\/span>\n<\/p>\n<p><span class=\"wpcf7-form-control-wrap\" data-name=\"acceptance-475\"><span class=\"wpcf7-form-control wpcf7-acceptance\"><span class=\"wpcf7-list-item\"><input type=\"checkbox\" name=\"acceptance-475\" value=\"1\" checked=\"checked\" aria-invalid=\"false\" \/><\/span><\/span><\/span><span style=\"font-size:12px;\">J'accepte le <a href=\"?page_id=20\">traitement de mes donn\u00e9es personnelles<a\/>.<\/a><\/a><\/span>\n<\/p>\n<p><input class=\"wpcf7-form-control has-spinner wpcf7-submit\" type=\"submit\" value=\"Envoyer la demande\" \/>\n<\/p>\n<div class=\"hidden\">\n\t<p><span class=\"wpcf7-form-control-wrap from\"><input name=\"from\" id=\"post_slug\" class=\"wpcf7-form-control wpcf7dtx-dynamictext wpcf7-dynamictext\" size=\"40\" aria-invalid=\"false\" type=\"text\" value=\"metallisation\" \/><\/span>\n\t<\/p>\n<\/div><div class=\"wpcf7-response-output\" aria-hidden=\"true\"><\/div>\n<\/form>\n<\/div>\n[\/vc_column][\/vc_row]<\/p>\n<\/section>","protected":false},"excerpt":{"rendered":"<p>[vc_row row_type=\u00a0\u00bbrow\u00a0\u00bb use_row_as_full_screen_section=\u00a0\u00bbno\u00a0\u00bb type=\u00a0\u00bbfull_width\u00a0\u00bb text_align=\u00a0\u00bbleft\u00a0\u00bb padding_top=\u00a0\u00bb0&Prime; padding_bottom=\u00a0\u00bb0&Prime; box_shadow_on_row=\u00a0\u00bbno\u00a0\u00bb el_class=\u00a0\u00bbnoPad\u00a0\u00bb][vc_column][vc_column_text css=\u00a0\u00bb.vc_custom_1608740140024{padding-top: 70px !important;padding-right: 100px !important;padding-bottom: 70px !important;padding-left: 100px !important;background-image: url(http:\/\/www.plasmet.it\/wp-content\/uploads\/2020\/01\/metal-cop-bg.jpg?id=801) !important;background-position: center !important;background-repeat: no-repeat !important;background-size: cover !important;}\u00a0\u00bb] M\u00c9TALLISATION [\/vc_column_text][vc_empty_space height=\u00a0\u00bb20px\u00a0\u00bb image_repeat=\u00a0\u00bbno-repeat\u00a0\u00bb][\/vc_column][\/vc_row][vc_row row_type=\u00a0\u00bbrow\u00a0\u00bb use_row_as_full_screen_section=\u00a0\u00bbno\u00a0\u00bb type=\u00a0\u00bbgrid\u00a0\u00bb text_align=\u00a0\u00bbleft\u00a0\u00bb box_shadow_on_row=\u00a0\u00bbno\u00a0\u00bb][vc_column width=\u00a0\u00bb1\/2&Prime;][vc_column_text] M\u00c9TALLISATION: TRADITIONNELLE, BRILLANTE ET MATE [\/vc_column_text][vc_empty_space height=\u00a0\u00bb20px\u00a0\u00bb image_repeat=\u00a0\u00bbno-repeat\u00a0\u00bb][vc_column_text] Gold&#8230;<\/p>\n","protected":false},"author":2,"featured_media":0,"parent":0,"menu_order":0,"comment_status":"closed","ping_status":"closed","template":"full_width.php","meta":{"_mi_skip_tracking":false,"_monsterinsights_sitenote_active":false,"_monsterinsights_sitenote_note":"","_monsterinsights_sitenote_category":0},"yoast_head":"<!-- This site is optimized with the Yoast SEO plugin v20.9 - https:\/\/yoast.com\/wordpress\/plugins\/seo\/ -->\n<title>M\u00e9tallisation - Plasmet<\/title>\n<meta name=\"description\" content=\"Siamo in grado di realizzare con il trattamento P.V.D. varie tinte di base ottenute con leghe diverse.\" \/>\n<meta name=\"robots\" content=\"index, follow, max-snippet:-1, max-image-preview:large, max-video-preview:-1\" \/>\n<link rel=\"canonical\" href=\"https:\/\/www.plasmet.it\/metallizzazione\/\" \/>\n<meta property=\"og:locale\" content=\"fr_FR\" \/>\n<meta property=\"og:type\" content=\"article\" \/>\n<meta property=\"og:title\" content=\"M\u00e9tallisation - Plasmet\" \/>\n<meta property=\"og:description\" content=\"Siamo in grado di realizzare con il trattamento P.V.D. varie tinte di base ottenute con leghe diverse.\" \/>\n<meta property=\"og:url\" content=\"https:\/\/www.plasmet.it\/metallizzazione\/\" \/>\n<meta property=\"og:site_name\" content=\"Plasmet\" \/>\n<meta property=\"article:modified_time\" content=\"2020-12-23T16:15:53+00:00\" \/>\n<meta name=\"twitter:card\" content=\"summary_large_image\" \/>\n<meta name=\"twitter:label1\" content=\"Dur\u00e9e de lecture estim\u00e9e\" \/>\n\t<meta name=\"twitter:data1\" content=\"3 minutes\" \/>\n<script type=\"application\/ld+json\" class=\"yoast-schema-graph\">{\"@context\":\"https:\/\/schema.org\",\"@graph\":[{\"@type\":\"WebPage\",\"@id\":\"https:\/\/www.plasmet.it\/metallizzazione\/\",\"url\":\"https:\/\/www.plasmet.it\/metallizzazione\/\",\"name\":\"M\u00e9tallisation - Plasmet\",\"isPartOf\":{\"@id\":\"https:\/\/www.plasmet.it\/#website\"},\"datePublished\":\"2020-12-22T11:33:32+00:00\",\"dateModified\":\"2020-12-23T16:15:53+00:00\",\"description\":\"Siamo in grado di realizzare con il trattamento P.V.D. varie tinte di base ottenute con leghe diverse.\",\"breadcrumb\":{\"@id\":\"https:\/\/www.plasmet.it\/metallizzazione\/#breadcrumb\"},\"inLanguage\":\"fr-FR\",\"potentialAction\":[{\"@type\":\"ReadAction\",\"target\":[\"https:\/\/www.plasmet.it\/metallizzazione\/\"]}]},{\"@type\":\"BreadcrumbList\",\"@id\":\"https:\/\/www.plasmet.it\/metallizzazione\/#breadcrumb\",\"itemListElement\":[{\"@type\":\"ListItem\",\"position\":1,\"name\":\"Home\",\"item\":\"https:\/\/www.plasmet.it\/fr\/\"},{\"@type\":\"ListItem\",\"position\":2,\"name\":\"M\u00e9tallisation\"}]},{\"@type\":\"WebSite\",\"@id\":\"https:\/\/www.plasmet.it\/#website\",\"url\":\"https:\/\/www.plasmet.it\/\",\"name\":\"Plasmet\",\"description\":\"\",\"potentialAction\":[{\"@type\":\"SearchAction\",\"target\":{\"@type\":\"EntryPoint\",\"urlTemplate\":\"https:\/\/www.plasmet.it\/?s={search_term_string}\"},\"query-input\":\"required name=search_term_string\"}],\"inLanguage\":\"fr-FR\"}]}<\/script>\n<!-- \/ Yoast SEO plugin. -->","yoast_head_json":{"title":"M\u00e9tallisation - Plasmet","description":"Siamo in grado di realizzare con il trattamento P.V.D. varie tinte di base ottenute con leghe diverse.","robots":{"index":"index","follow":"follow","max-snippet":"max-snippet:-1","max-image-preview":"max-image-preview:large","max-video-preview":"max-video-preview:-1"},"canonical":"https:\/\/www.plasmet.it\/metallizzazione\/","og_locale":"fr_FR","og_type":"article","og_title":"M\u00e9tallisation - Plasmet","og_description":"Siamo in grado di realizzare con il trattamento P.V.D. varie tinte di base ottenute con leghe diverse.","og_url":"https:\/\/www.plasmet.it\/metallizzazione\/","og_site_name":"Plasmet","article_modified_time":"2020-12-23T16:15:53+00:00","twitter_card":"summary_large_image","twitter_misc":{"Dur\u00e9e de lecture estim\u00e9e":"3 minutes"},"schema":{"@context":"https:\/\/schema.org","@graph":[{"@type":"WebPage","@id":"https:\/\/www.plasmet.it\/metallizzazione\/","url":"https:\/\/www.plasmet.it\/metallizzazione\/","name":"M\u00e9tallisation - Plasmet","isPartOf":{"@id":"https:\/\/www.plasmet.it\/#website"},"datePublished":"2020-12-22T11:33:32+00:00","dateModified":"2020-12-23T16:15:53+00:00","description":"Siamo in grado di realizzare con il trattamento P.V.D. varie tinte di base ottenute con leghe diverse.","breadcrumb":{"@id":"https:\/\/www.plasmet.it\/metallizzazione\/#breadcrumb"},"inLanguage":"fr-FR","potentialAction":[{"@type":"ReadAction","target":["https:\/\/www.plasmet.it\/metallizzazione\/"]}]},{"@type":"BreadcrumbList","@id":"https:\/\/www.plasmet.it\/metallizzazione\/#breadcrumb","itemListElement":[{"@type":"ListItem","position":1,"name":"Home","item":"https:\/\/www.plasmet.it\/fr\/"},{"@type":"ListItem","position":2,"name":"M\u00e9tallisation"}]},{"@type":"WebSite","@id":"https:\/\/www.plasmet.it\/#website","url":"https:\/\/www.plasmet.it\/","name":"Plasmet","description":"","potentialAction":[{"@type":"SearchAction","target":{"@type":"EntryPoint","urlTemplate":"https:\/\/www.plasmet.it\/?s={search_term_string}"},"query-input":"required name=search_term_string"}],"inLanguage":"fr-FR"}]}},"_links":{"self":[{"href":"https:\/\/www.plasmet.it\/fr\/wp-json\/wp\/v2\/pages\/1157"}],"collection":[{"href":"https:\/\/www.plasmet.it\/fr\/wp-json\/wp\/v2\/pages"}],"about":[{"href":"https:\/\/www.plasmet.it\/fr\/wp-json\/wp\/v2\/types\/page"}],"author":[{"embeddable":true,"href":"https:\/\/www.plasmet.it\/fr\/wp-json\/wp\/v2\/users\/2"}],"replies":[{"embeddable":true,"href":"https:\/\/www.plasmet.it\/fr\/wp-json\/wp\/v2\/comments?post=1157"}],"version-history":[{"count":4,"href":"https:\/\/www.plasmet.it\/fr\/wp-json\/wp\/v2\/pages\/1157\/revisions"}],"predecessor-version":[{"id":1279,"href":"https:\/\/www.plasmet.it\/fr\/wp-json\/wp\/v2\/pages\/1157\/revisions\/1279"}],"wp:attachment":[{"href":"https:\/\/www.plasmet.it\/fr\/wp-json\/wp\/v2\/media?parent=1157"}],"curies":[{"name":"wp","href":"https:\/\/api.w.org\/{rel}","templated":true}]}}