{"id":1198,"date":"2020-12-22T14:31:07","date_gmt":"2020-12-22T13:31:07","guid":{"rendered":"http:\/\/www.plasmet.it\/?page_id=1198"},"modified":"2020-12-22T14:40:10","modified_gmt":"2020-12-22T13:40:10","slug":"home","status":"publish","type":"page","link":"https:\/\/www.plasmet.it\/fr\/","title":{"rendered":"Home"},"content":{"rendered":"<section class=\"wpb-content-wrapper\"><p>[vc_row row_type=\u00a0\u00bbrow\u00a0\u00bb use_row_as_full_screen_section=\u00a0\u00bbno\u00a0\u00bb type=\u00a0\u00bbfull_width\u00a0\u00bb text_align=\u00a0\u00bbleft\u00a0\u00bb side_padding=\u00a0\u00bb0&Prime; padding_top=\u00a0\u00bb0&Prime; padding_bottom=\u00a0\u00bb0&Prime; box_shadow_on_row=\u00a0\u00bbno\u00a0\u00bb el_class=\u00a0\u00bbnoPad\u00a0\u00bb][vc_column][no_vertical_split_slider disable_header_skin_change=\u00a0\u00bbyes\u00a0\u00bb left_slide_panel_size=\u00a0\u00bb50&Prime; right_slide_panel_size=\u00a0\u00bb50&Prime;][no_vertical_right_sliding_panel][no_vertical_slide_content_item background_image=\u00a0\u00bb845&Prime; alignment=\u00a0\u00bbcenter\u00a0\u00bb]<div class=\"custom_font_holder\" style=\"font-family: Montserrat; font-size: 55px; font-style: normal; font-weight: 600; color: #ffffff; text-decoration: none; text-transform: none; text-align: center\" data-font-size=55 ><div  >M\u00e9tallisation<\/div><\/div>[vc_empty_space image_repeat=\u00a0\u00bbno-repeat\u00a0\u00bb]<div class=\"custom_font_holder\" style=\"font-family: Montserrat; font-size: 15px; font-style: normal; font-weight: 400; color: #ffffff; text-decoration: none; text-transform: none; text-align: center\" data-font-size=15 ><div  >Nous sommes en mesure de r\u00e9aliser avec le traitement P.V.D. plusieurs teintes de base obtenues avec des alliages diff\u00e9rents.<\/div><\/div>[vc_empty_space image_repeat=\u00a0\u00bbno-repeat\u00a0\u00bb][vc_empty_space image_repeat=\u00a0\u00bbno-repeat\u00a0\u00bb]<a href=\"?page_id=69\" target=\"_blank\" data-hover-background-color=#ffffff data-hover-border-color=#ffffff data-hover-color=#333333  class=\"qbutton  medium white icon_right\" style=\"color: #ffffff; border-color: #ffffff; border-width: 1px; \">EN SAVOIR PLUS<\/a>[\/no_vertical_slide_content_item][no_vertical_slide_content_item background_image=\u00a0\u00bb995&Prime; alignment=\u00a0\u00bbcenter\u00a0\u00bb]<div class=\"custom_font_holder\" style=\"font-family: Montserrat; font-size: 55px; font-style: normal; font-weight: 600; color: #ffffff; text-decoration: none; text-transform: none; text-align: center\" data-font-size=55 ><div  >Laquage<\/div><\/div>[vc_empty_space image_repeat=\u00a0\u00bbno-repeat\u00a0\u00bb]<div class=\"custom_font_holder\" style=\"font-family: Montserrat; font-size: 15px; font-style: normal; font-weight: 400; color: #ffffff; text-decoration: none; text-transform: none; text-align: center\" data-font-size=15 ><div  >Le laquage Alt est une finition transparente brillante \u00e0 tr\u00e8s haute teneur s\u00e8che pr\u00e9sentant des performances esth\u00e9tiques et de r\u00e9sistance \u00e9lev\u00e9es.<\/div><\/div>[vc_empty_space image_repeat=\u00a0\u00bbno-repeat\u00a0\u00bb][vc_empty_space image_repeat=\u00a0\u00bbno-repeat\u00a0\u00bb]<a href=\"?page_id=100\" target=\"_blank\" data-hover-background-color=#ffffff data-hover-border-color=#ffffff data-hover-color=#333333  class=\"qbutton  medium white icon_right\" style=\"color: #ffffff; border-color: #ffffff; border-width: 1px; \">EN SAVOIR PLUS<\/a>[\/no_vertical_slide_content_item][no_vertical_slide_content_item background_image=\u00a0\u00bb504&Prime; alignment=\u00a0\u00bbcenter\u00a0\u00bb]<div class=\"custom_font_holder\" style=\"font-family: Montserrat; font-size: 55px; font-style: normal; font-weight: 600; color: #ffffff; text-decoration: none; text-transform: none; text-align: center\" data-font-size=55 ><div  >Peinture<\/div><\/div>[vc_empty_space image_repeat=\u00a0\u00bbno-repeat\u00a0\u00bb]<div class=\"custom_font_holder\" style=\"font-family: Montserrat; font-size: 15px; font-style: normal; font-weight: 400; color: #ffffff; text-decoration: none; text-transform: none; text-align: center\" data-font-size=15 ><div  >Nos peintures sont de v\u00e9ritables effets sp\u00e9ciaux qui enrichissent votre emballage en l\u2019enveloppant de charme et d\u2019\u00e9l\u00e9gance.<\/div><\/div>[vc_empty_space image_repeat=\u00a0\u00bbno-repeat\u00a0\u00bb][vc_empty_space image_repeat=\u00a0\u00bbno-repeat\u00a0\u00bb]<a href=\"?page_id=102\" target=\"_blank\" data-hover-background-color=#ffffff data-hover-border-color=#ffffff data-hover-color=#333333  class=\"qbutton  medium white icon_right\" style=\"color: #ffffff; border-color: #ffffff; border-width: 1px; \">EN SAVOIR PLUS<\/a>[\/no_vertical_slide_content_item][no_vertical_slide_content_item background_image=\u00a0\u00bb508&Prime; alignment=\u00a0\u00bbcenter\u00a0\u00bb]<div class=\"custom_font_holder\" style=\"font-family: Montserrat; font-size: 55px; font-style: normal; font-weight: 600; color: #ffffff; text-decoration: none; text-transform: none; text-align: center\" data-font-size=55 ><div  >Soft Touch<\/div><\/div>[vc_empty_space image_repeat=\u00a0\u00bbno-repeat\u00a0\u00bb]<div class=\"custom_font_holder\" style=\"font-family: Montserrat; font-size: 15px; font-style: normal; font-weight: 400; color: #ffffff; text-decoration: none; text-transform: none; text-align: center\" data-font-size=15 ><div  >L&rsquo;une des derni\u00e8res tendances propos\u00e9es est le traitement soft touch, obtenu \u00e0 partir d&rsquo;une finition mate qui conf\u00e8re \u00e0 la surface trait\u00e9e un aspect \u00e9l\u00e9gant et souple au toucher.<\/div><\/div>[vc_empty_space image_repeat=\u00a0\u00bbno-repeat\u00a0\u00bb][vc_empty_space image_repeat=\u00a0\u00bbno-repeat\u00a0\u00bb]<a href=\"?page_id=104\" target=\"_blank\" data-hover-background-color=#ffffff data-hover-border-color=#ffffff data-hover-color=#333333  class=\"qbutton  medium white icon_right\" style=\"color: #ffffff; border-color: #ffffff; border-width: 1px; \">EN SAVOIR PLUS<\/a>[\/no_vertical_slide_content_item][no_vertical_slide_content_item background_image=\u00a0\u00bb514&Prime; alignment=\u00a0\u00bbcenter\u00a0\u00bb]<div class=\"custom_font_holder\" style=\"font-family: Montserrat; font-size: 55px; font-style: normal; font-weight: 600; color: #ffffff; text-decoration: none; text-transform: none; text-align: center\" data-font-size=55 ><div  >Nacr\u00e9<\/div><\/div>[vc_empty_space image_repeat=\u00a0\u00bbno-repeat\u00a0\u00bb]<div class=\"custom_font_holder\" style=\"font-family: Montserrat; font-size: 15px; font-style: normal; font-weight: 400; color: #ffffff; text-decoration: none; text-transform: none; text-align: center\" data-font-size=15 ><div  >Nous r\u00e9alisons des finitions avec effet nacr\u00e9, en diff\u00e9rentes couleurs.<\/div><\/div>[vc_empty_space image_repeat=\u00a0\u00bbno-repeat\u00a0\u00bb][vc_empty_space image_repeat=\u00a0\u00bbno-repeat\u00a0\u00bb]<a href=\"?page_id=269\" target=\"_blank\" data-hover-background-color=#ffffff data-hover-border-color=#ffffff data-hover-color=#333333  class=\"qbutton  medium white icon_right\" style=\"color: #ffffff; border-color: #ffffff; border-width: 1px; \">EN SAVOIR PLUS<\/a>[\/no_vertical_slide_content_item][no_vertical_slide_content_item background_image=\u00a0\u00bb770&Prime; alignment=\u00a0\u00bbcenter\u00a0\u00bb]<div class=\"custom_font_holder\" style=\"font-family: Montserrat; font-size: 55px; font-style: normal; font-weight: 600; color: #ffffff; text-decoration: none; text-transform: none; text-align: center\" data-font-size=55 ><div  >Finitions Sp\u00e9ciales<\/div><\/div>[vc_empty_space image_repeat=\u00a0\u00bbno-repeat\u00a0\u00bb]<div class=\"custom_font_holder\" style=\"font-family: Montserrat; font-size: 15px; font-style: normal; font-weight: 400; color: #ffffff; text-decoration: none; text-transform: none; text-align: center\" data-font-size=15 ><div  >Plasmet produit diff\u00e9rents types d\u2019effets particuliers, avec diff\u00e9rentes versions de finition.<\/div><\/div>[vc_empty_space image_repeat=\u00a0\u00bbno-repeat\u00a0\u00bb][vc_empty_space image_repeat=\u00a0\u00bbno-repeat\u00a0\u00bb]<a href=\"?page_id=674\" target=\"_blank\" data-hover-background-color=#ffffff data-hover-border-color=#ffffff data-hover-color=#333333  class=\"qbutton  medium white icon_right\" style=\"color: #ffffff; border-color: #ffffff; border-width: 1px; \">EN SAVOIR PLUS<\/a>[\/no_vertical_slide_content_item][\/no_vertical_right_sliding_panel][no_vertical_left_sliding_panel][no_vertical_slide_content_item background_image=\u00a0\u00bb839&Prime; alignment=\u00a0\u00bbleft\u00a0\u00bb][\/no_vertical_slide_content_item][no_vertical_slide_content_item background_image=\u00a0\u00bb987&Prime; alignment=\u00a0\u00bbleft\u00a0\u00bb][\/no_vertical_slide_content_item][no_vertical_slide_content_item background_image=\u00a0\u00bb488&Prime; alignment=\u00a0\u00bbleft\u00a0\u00bb][\/no_vertical_slide_content_item][no_vertical_slide_content_item background_image=\u00a0\u00bb499&Prime; alignment=\u00a0\u00bbleft\u00a0\u00bb][\/no_vertical_slide_content_item][no_vertical_slide_content_item background_image=\u00a0\u00bb510&Prime; alignment=\u00a0\u00bbleft\u00a0\u00bb][\/no_vertical_slide_content_item][no_vertical_slide_content_item background_image=\u00a0\u00bb769&Prime; alignment=\u00a0\u00bbleft\u00a0\u00bb][\/no_vertical_slide_content_item][\/no_vertical_left_sliding_panel][\/no_vertical_split_slider][\/vc_column][\/vc_row]<\/p>\n<\/section>","protected":false},"excerpt":{"rendered":"<p>[vc_row row_type=\u00a0\u00bbrow\u00a0\u00bb use_row_as_full_screen_section=\u00a0\u00bbno\u00a0\u00bb type=\u00a0\u00bbfull_width\u00a0\u00bb text_align=\u00a0\u00bbleft\u00a0\u00bb side_padding=\u00a0\u00bb0&Prime; padding_top=\u00a0\u00bb0&Prime; padding_bottom=\u00a0\u00bb0&Prime; box_shadow_on_row=\u00a0\u00bbno\u00a0\u00bb el_class=\u00a0\u00bbnoPad\u00a0\u00bb][vc_column][no_vertical_split_slider disable_header_skin_change=\u00a0\u00bbyes\u00a0\u00bb left_slide_panel_size=\u00a0\u00bb50&Prime; right_slide_panel_size=\u00a0\u00bb50&Prime;][no_vertical_right_sliding_panel][no_vertical_slide_content_item background_image=\u00a0\u00bb845&Prime; alignment=\u00a0\u00bbcenter\u00a0\u00bb][vc_empty_space image_repeat=\u00a0\u00bbno-repeat\u00a0\u00bb][vc_empty_space image_repeat=\u00a0\u00bbno-repeat\u00a0\u00bb][vc_empty_space image_repeat=\u00a0\u00bbno-repeat\u00a0\u00bb][\/no_vertical_slide_content_item][no_vertical_slide_content_item background_image=\u00a0\u00bb995&Prime; alignment=\u00a0\u00bbcenter\u00a0\u00bb][vc_empty_space image_repeat=\u00a0\u00bbno-repeat\u00a0\u00bb][vc_empty_space image_repeat=\u00a0\u00bbno-repeat\u00a0\u00bb][vc_empty_space image_repeat=\u00a0\u00bbno-repeat\u00a0\u00bb][\/no_vertical_slide_content_item][no_vertical_slide_content_item background_image=\u00a0\u00bb504&Prime; alignment=\u00a0\u00bbcenter\u00a0\u00bb][vc_empty_space image_repeat=\u00a0\u00bbno-repeat\u00a0\u00bb][vc_empty_space image_repeat=\u00a0\u00bbno-repeat\u00a0\u00bb][vc_empty_space image_repeat=\u00a0\u00bbno-repeat\u00a0\u00bb][\/no_vertical_slide_content_item][no_vertical_slide_content_item background_image=\u00a0\u00bb508&Prime; alignment=\u00a0\u00bbcenter\u00a0\u00bb][vc_empty_space image_repeat=\u00a0\u00bbno-repeat\u00a0\u00bb][vc_empty_space image_repeat=\u00a0\u00bbno-repeat\u00a0\u00bb][vc_empty_space image_repeat=\u00a0\u00bbno-repeat\u00a0\u00bb][\/no_vertical_slide_content_item][no_vertical_slide_content_item background_image=\u00a0\u00bb514&Prime; alignment=\u00a0\u00bbcenter\u00a0\u00bb][vc_empty_space image_repeat=\u00a0\u00bbno-repeat\u00a0\u00bb][vc_empty_space image_repeat=\u00a0\u00bbno-repeat\u00a0\u00bb][vc_empty_space image_repeat=\u00a0\u00bbno-repeat\u00a0\u00bb][\/no_vertical_slide_content_item][no_vertical_slide_content_item background_image=\u00a0\u00bb770&Prime; alignment=\u00a0\u00bbcenter\u00a0\u00bb][vc_empty_space image_repeat=\u00a0\u00bbno-repeat\u00a0\u00bb][vc_empty_space image_repeat=\u00a0\u00bbno-repeat\u00a0\u00bb][vc_empty_space image_repeat=\u00a0\u00bbno-repeat\u00a0\u00bb][\/no_vertical_slide_content_item][\/no_vertical_right_sliding_panel][no_vertical_left_sliding_panel][no_vertical_slide_content_item background_image=\u00a0\u00bb839&Prime; alignment=\u00a0\u00bbleft\u00a0\u00bb][\/no_vertical_slide_content_item][no_vertical_slide_content_item&#8230;<\/p>\n","protected":false},"author":2,"featured_media":0,"parent":0,"menu_order":0,"comment_status":"closed","ping_status":"closed","template":"full_width.php","meta":{"_mi_skip_tracking":false,"_monsterinsights_sitenote_active":false,"_monsterinsights_sitenote_note":"","_monsterinsights_sitenote_category":0},"yoast_head":"<!-- This site is optimized with the Yoast SEO plugin v20.9 - https:\/\/yoast.com\/wordpress\/plugins\/seo\/ -->\n<title>Trattamenti e Finiture per Packaging Cosmetico - Plasmet Metallizzazione<\/title>\n<meta name=\"robots\" content=\"index, follow, max-snippet:-1, max-image-preview:large, max-video-preview:-1\" \/>\n<link rel=\"canonical\" href=\"https:\/\/www.plasmet.it\/fr\/\" \/>\n<meta property=\"og:locale\" content=\"fr_FR\" \/>\n<meta property=\"og:type\" content=\"article\" \/>\n<meta property=\"og:title\" content=\"Trattamenti e Finiture per Packaging Cosmetico - Plasmet Metallizzazione\" \/>\n<meta property=\"og:description\" content=\"[vc_row row_type=\u00a0\u00bbrow\u00a0\u00bb use_row_as_full_screen_section=\u00a0\u00bbno\u00a0\u00bb type=\u00a0\u00bbfull_width\u00a0\u00bb text_align=\u00a0\u00bbleft\u00a0\u00bb side_padding=\u00a0\u00bb0&Prime; padding_top=\u00a0\u00bb0&Prime; padding_bottom=\u00a0\u00bb0&Prime; box_shadow_on_row=\u00a0\u00bbno\u00a0\u00bb el_class=\u00a0\u00bbnoPad\u00a0\u00bb][vc_column][no_vertical_split_slider disable_header_skin_change=\u00a0\u00bbyes\u00a0\u00bb left_slide_panel_size=\u00a0\u00bb50&Prime; right_slide_panel_size=\u00a0\u00bb50&Prime;][no_vertical_right_sliding_panel][no_vertical_slide_content_item background_image=\u00a0\u00bb845&Prime; alignment=\u00a0\u00bbcenter\u00a0\u00bb][vc_empty_space image_repeat=\u00a0\u00bbno-repeat\u00a0\u00bb][vc_empty_space image_repeat=\u00a0\u00bbno-repeat\u00a0\u00bb][vc_empty_space image_repeat=\u00a0\u00bbno-repeat\u00a0\u00bb][\/no_vertical_slide_content_item][no_vertical_slide_content_item background_image=\u00a0\u00bb995&Prime; alignment=\u00a0\u00bbcenter\u00a0\u00bb][vc_empty_space image_repeat=\u00a0\u00bbno-repeat\u00a0\u00bb][vc_empty_space image_repeat=\u00a0\u00bbno-repeat\u00a0\u00bb][vc_empty_space image_repeat=\u00a0\u00bbno-repeat\u00a0\u00bb][\/no_vertical_slide_content_item][no_vertical_slide_content_item background_image=\u00a0\u00bb504&Prime; alignment=\u00a0\u00bbcenter\u00a0\u00bb][vc_empty_space image_repeat=\u00a0\u00bbno-repeat\u00a0\u00bb][vc_empty_space image_repeat=\u00a0\u00bbno-repeat\u00a0\u00bb][vc_empty_space image_repeat=\u00a0\u00bbno-repeat\u00a0\u00bb][\/no_vertical_slide_content_item][no_vertical_slide_content_item background_image=\u00a0\u00bb508&Prime; alignment=\u00a0\u00bbcenter\u00a0\u00bb][vc_empty_space image_repeat=\u00a0\u00bbno-repeat\u00a0\u00bb][vc_empty_space image_repeat=\u00a0\u00bbno-repeat\u00a0\u00bb][vc_empty_space image_repeat=\u00a0\u00bbno-repeat\u00a0\u00bb][\/no_vertical_slide_content_item][no_vertical_slide_content_item background_image=\u00a0\u00bb514&Prime; alignment=\u00a0\u00bbcenter\u00a0\u00bb][vc_empty_space image_repeat=\u00a0\u00bbno-repeat\u00a0\u00bb][vc_empty_space image_repeat=\u00a0\u00bbno-repeat\u00a0\u00bb][vc_empty_space image_repeat=\u00a0\u00bbno-repeat\u00a0\u00bb][\/no_vertical_slide_content_item][no_vertical_slide_content_item background_image=\u00a0\u00bb770&Prime; alignment=\u00a0\u00bbcenter\u00a0\u00bb][vc_empty_space image_repeat=\u00a0\u00bbno-repeat\u00a0\u00bb][vc_empty_space image_repeat=\u00a0\u00bbno-repeat\u00a0\u00bb][vc_empty_space image_repeat=\u00a0\u00bbno-repeat\u00a0\u00bb][\/no_vertical_slide_content_item][\/no_vertical_right_sliding_panel][no_vertical_left_sliding_panel][no_vertical_slide_content_item background_image=\u00a0\u00bb839&Prime; alignment=\u00a0\u00bbleft\u00a0\u00bb][\/no_vertical_slide_content_item][no_vertical_slide_content_item...\" \/>\n<meta property=\"og:url\" content=\"https:\/\/www.plasmet.it\/fr\/\" \/>\n<meta property=\"og:site_name\" content=\"Plasmet\" \/>\n<meta property=\"article:modified_time\" content=\"2020-12-22T13:40:10+00:00\" \/>\n<meta name=\"twitter:card\" content=\"summary_large_image\" \/>\n<meta name=\"twitter:label1\" content=\"Dur\u00e9e de lecture estim\u00e9e\" \/>\n\t<meta name=\"twitter:data1\" content=\"6 minutes\" \/>\n<script type=\"application\/ld+json\" class=\"yoast-schema-graph\">{\"@context\":\"https:\/\/schema.org\",\"@graph\":[{\"@type\":\"WebPage\",\"@id\":\"https:\/\/www.plasmet.it\/fr\/\",\"url\":\"https:\/\/www.plasmet.it\/fr\/\",\"name\":\"Trattamenti e Finiture per Packaging Cosmetico - Plasmet Metallizzazione\",\"isPartOf\":{\"@id\":\"https:\/\/www.plasmet.it\/#website\"},\"datePublished\":\"2020-12-22T13:31:07+00:00\",\"dateModified\":\"2020-12-22T13:40:10+00:00\",\"breadcrumb\":{\"@id\":\"https:\/\/www.plasmet.it\/fr\/#breadcrumb\"},\"inLanguage\":\"fr-FR\",\"potentialAction\":[{\"@type\":\"ReadAction\",\"target\":[\"https:\/\/www.plasmet.it\/fr\/\"]}]},{\"@type\":\"BreadcrumbList\",\"@id\":\"https:\/\/www.plasmet.it\/fr\/#breadcrumb\",\"itemListElement\":[{\"@type\":\"ListItem\",\"position\":1,\"name\":\"Home\",\"item\":\"https:\/\/www.plasmet.it\/fr\/\"},{\"@type\":\"ListItem\",\"position\":2,\"name\":\"Home\"}]},{\"@type\":\"WebSite\",\"@id\":\"https:\/\/www.plasmet.it\/#website\",\"url\":\"https:\/\/www.plasmet.it\/\",\"name\":\"Plasmet\",\"description\":\"\",\"potentialAction\":[{\"@type\":\"SearchAction\",\"target\":{\"@type\":\"EntryPoint\",\"urlTemplate\":\"https:\/\/www.plasmet.it\/?s={search_term_string}\"},\"query-input\":\"required name=search_term_string\"}],\"inLanguage\":\"fr-FR\"}]}<\/script>\n<!-- \/ Yoast SEO plugin. -->","yoast_head_json":{"title":"Trattamenti e Finiture per Packaging Cosmetico - Plasmet Metallizzazione","robots":{"index":"index","follow":"follow","max-snippet":"max-snippet:-1","max-image-preview":"max-image-preview:large","max-video-preview":"max-video-preview:-1"},"canonical":"https:\/\/www.plasmet.it\/fr\/","og_locale":"fr_FR","og_type":"article","og_title":"Trattamenti e Finiture per Packaging Cosmetico - Plasmet Metallizzazione","og_description":"[vc_row row_type=\u00a0\u00bbrow\u00a0\u00bb use_row_as_full_screen_section=\u00a0\u00bbno\u00a0\u00bb type=\u00a0\u00bbfull_width\u00a0\u00bb text_align=\u00a0\u00bbleft\u00a0\u00bb side_padding=\u00a0\u00bb0&Prime; padding_top=\u00a0\u00bb0&Prime; padding_bottom=\u00a0\u00bb0&Prime; box_shadow_on_row=\u00a0\u00bbno\u00a0\u00bb el_class=\u00a0\u00bbnoPad\u00a0\u00bb][vc_column][no_vertical_split_slider disable_header_skin_change=\u00a0\u00bbyes\u00a0\u00bb left_slide_panel_size=\u00a0\u00bb50&Prime; right_slide_panel_size=\u00a0\u00bb50&Prime;][no_vertical_right_sliding_panel][no_vertical_slide_content_item background_image=\u00a0\u00bb845&Prime; alignment=\u00a0\u00bbcenter\u00a0\u00bb][vc_empty_space image_repeat=\u00a0\u00bbno-repeat\u00a0\u00bb][vc_empty_space image_repeat=\u00a0\u00bbno-repeat\u00a0\u00bb][vc_empty_space image_repeat=\u00a0\u00bbno-repeat\u00a0\u00bb][\/no_vertical_slide_content_item][no_vertical_slide_content_item background_image=\u00a0\u00bb995&Prime; alignment=\u00a0\u00bbcenter\u00a0\u00bb][vc_empty_space image_repeat=\u00a0\u00bbno-repeat\u00a0\u00bb][vc_empty_space image_repeat=\u00a0\u00bbno-repeat\u00a0\u00bb][vc_empty_space image_repeat=\u00a0\u00bbno-repeat\u00a0\u00bb][\/no_vertical_slide_content_item][no_vertical_slide_content_item background_image=\u00a0\u00bb504&Prime; alignment=\u00a0\u00bbcenter\u00a0\u00bb][vc_empty_space image_repeat=\u00a0\u00bbno-repeat\u00a0\u00bb][vc_empty_space image_repeat=\u00a0\u00bbno-repeat\u00a0\u00bb][vc_empty_space image_repeat=\u00a0\u00bbno-repeat\u00a0\u00bb][\/no_vertical_slide_content_item][no_vertical_slide_content_item background_image=\u00a0\u00bb508&Prime; alignment=\u00a0\u00bbcenter\u00a0\u00bb][vc_empty_space image_repeat=\u00a0\u00bbno-repeat\u00a0\u00bb][vc_empty_space image_repeat=\u00a0\u00bbno-repeat\u00a0\u00bb][vc_empty_space image_repeat=\u00a0\u00bbno-repeat\u00a0\u00bb][\/no_vertical_slide_content_item][no_vertical_slide_content_item background_image=\u00a0\u00bb514&Prime; alignment=\u00a0\u00bbcenter\u00a0\u00bb][vc_empty_space image_repeat=\u00a0\u00bbno-repeat\u00a0\u00bb][vc_empty_space image_repeat=\u00a0\u00bbno-repeat\u00a0\u00bb][vc_empty_space image_repeat=\u00a0\u00bbno-repeat\u00a0\u00bb][\/no_vertical_slide_content_item][no_vertical_slide_content_item background_image=\u00a0\u00bb770&Prime; alignment=\u00a0\u00bbcenter\u00a0\u00bb][vc_empty_space image_repeat=\u00a0\u00bbno-repeat\u00a0\u00bb][vc_empty_space image_repeat=\u00a0\u00bbno-repeat\u00a0\u00bb][vc_empty_space image_repeat=\u00a0\u00bbno-repeat\u00a0\u00bb][\/no_vertical_slide_content_item][\/no_vertical_right_sliding_panel][no_vertical_left_sliding_panel][no_vertical_slide_content_item background_image=\u00a0\u00bb839&Prime; alignment=\u00a0\u00bbleft\u00a0\u00bb][\/no_vertical_slide_content_item][no_vertical_slide_content_item...","og_url":"https:\/\/www.plasmet.it\/fr\/","og_site_name":"Plasmet","article_modified_time":"2020-12-22T13:40:10+00:00","twitter_card":"summary_large_image","twitter_misc":{"Dur\u00e9e de lecture estim\u00e9e":"6 minutes"},"schema":{"@context":"https:\/\/schema.org","@graph":[{"@type":"WebPage","@id":"https:\/\/www.plasmet.it\/fr\/","url":"https:\/\/www.plasmet.it\/fr\/","name":"Trattamenti e Finiture per Packaging Cosmetico - Plasmet Metallizzazione","isPartOf":{"@id":"https:\/\/www.plasmet.it\/#website"},"datePublished":"2020-12-22T13:31:07+00:00","dateModified":"2020-12-22T13:40:10+00:00","breadcrumb":{"@id":"https:\/\/www.plasmet.it\/fr\/#breadcrumb"},"inLanguage":"fr-FR","potentialAction":[{"@type":"ReadAction","target":["https:\/\/www.plasmet.it\/fr\/"]}]},{"@type":"BreadcrumbList","@id":"https:\/\/www.plasmet.it\/fr\/#breadcrumb","itemListElement":[{"@type":"ListItem","position":1,"name":"Home","item":"https:\/\/www.plasmet.it\/fr\/"},{"@type":"ListItem","position":2,"name":"Home"}]},{"@type":"WebSite","@id":"https:\/\/www.plasmet.it\/#website","url":"https:\/\/www.plasmet.it\/","name":"Plasmet","description":"","potentialAction":[{"@type":"SearchAction","target":{"@type":"EntryPoint","urlTemplate":"https:\/\/www.plasmet.it\/?s={search_term_string}"},"query-input":"required name=search_term_string"}],"inLanguage":"fr-FR"}]}},"_links":{"self":[{"href":"https:\/\/www.plasmet.it\/fr\/wp-json\/wp\/v2\/pages\/1198"}],"collection":[{"href":"https:\/\/www.plasmet.it\/fr\/wp-json\/wp\/v2\/pages"}],"about":[{"href":"https:\/\/www.plasmet.it\/fr\/wp-json\/wp\/v2\/types\/page"}],"author":[{"embeddable":true,"href":"https:\/\/www.plasmet.it\/fr\/wp-json\/wp\/v2\/users\/2"}],"replies":[{"embeddable":true,"href":"https:\/\/www.plasmet.it\/fr\/wp-json\/wp\/v2\/comments?post=1198"}],"version-history":[{"count":3,"href":"https:\/\/www.plasmet.it\/fr\/wp-json\/wp\/v2\/pages\/1198\/revisions"}],"predecessor-version":[{"id":1233,"href":"https:\/\/www.plasmet.it\/fr\/wp-json\/wp\/v2\/pages\/1198\/revisions\/1233"}],"wp:attachment":[{"href":"https:\/\/www.plasmet.it\/fr\/wp-json\/wp\/v2\/media?parent=1198"}],"curies":[{"name":"wp","href":"https:\/\/api.w.org\/{rel}","templated":true}]}}